{"id":723,"date":"2021-02-18T16:05:38","date_gmt":"2021-02-18T15:05:38","guid":{"rendered":"https:\/\/thiant.fr\/wordpress\/jeunesse\/?page_id=723"},"modified":"2024-11-20T13:45:00","modified_gmt":"2024-11-20T12:45:00","slug":"lenseignement","status":"publish","type":"page","link":"https:\/\/thiant.fr\/wordpress\/jeunesse\/lenseignement\/","title":{"rendered":"L&#8217;enseignement"},"content":{"rendered":"\t\t<div data-elementor-type=\"wp-page\" data-elementor-id=\"723\" class=\"elementor elementor-723\">\n\t\t\t\t\t\t<section class=\"elementor-section elementor-top-section elementor-element elementor-element-0594808 elementor-section-boxed elementor-section-height-default elementor-section-height-default\" data-id=\"0594808\" data-element_type=\"section\" data-e-type=\"section\">\n\t\t\t\t\t\t<div class=\"elementor-container elementor-column-gap-default\">\n\t\t\t\t\t<div class=\"elementor-column elementor-col-50 elementor-top-column elementor-element elementor-element-6d464fd\" data-id=\"6d464fd\" data-element_type=\"column\" data-e-type=\"column\">\n\t\t\t<div class=\"elementor-widget-wrap elementor-element-populated\">\n\t\t\t\t\t\t<div class=\"elementor-element elementor-element-ab1d653 elementor-invisible elementor-widget elementor-widget-image\" data-id=\"ab1d653\" data-element_type=\"widget\" data-e-type=\"widget\" data-settings=\"{&quot;_animation&quot;:&quot;slideInLeft&quot;}\" data-widget_type=\"image.default\">\n\t\t\t\t<div class=\"elementor-widget-container\">\n\t\t\t\t\t\t\t\t\t\t\t\t\t\t\t\t<a href=\"https:\/\/thiant.fr\/wordpress\/jeunesse\/groupe-scolaire-gustave-ansart\/\">\n\t\t\t\t\t\t\t<img fetchpriority=\"high\" decoding=\"async\" width=\"1024\" height=\"683\" src=\"https:\/\/thiant.fr\/wordpress\/jeunesse\/wp-content\/uploads\/sites\/2\/2021\/02\/GSAnsart-2015_01.jpg\" class=\"attachment-large size-large wp-image-726\" alt=\"\" srcset=\"https:\/\/thiant.fr\/wordpress\/jeunesse\/wp-content\/uploads\/sites\/2\/2021\/02\/GSAnsart-2015_01.jpg.webp 1024w, https:\/\/thiant.fr\/wordpress\/jeunesse\/wp-content\/uploads\/sites\/2\/2021\/02\/GSAnsart-2015_01-300x200.jpg.webp 300w, https:\/\/thiant.fr\/wordpress\/jeunesse\/wp-content\/uploads\/sites\/2\/2021\/02\/GSAnsart-2015_01-768x512.jpg.webp 768w\" sizes=\"(max-width: 1024px) 100vw, 1024px\" \/>\t\t\t\t\t\t\t\t<\/a>\n\t\t\t\t\t\t\t\t\t\t\t\t\t\t\t<\/div>\n\t\t\t\t<\/div>\n\t\t\t\t<div class=\"elementor-element elementor-element-a39d18a elementor-widget elementor-widget-text-editor\" data-id=\"a39d18a\" data-element_type=\"widget\" data-e-type=\"widget\" data-widget_type=\"text-editor.default\">\n\t\t\t\t<div class=\"elementor-widget-container\">\n\t\t\t\t\t\t\t\t\t<p style=\"text-align: center\"><a href=\"..\/groupe-scolaire-gustave-ansart\/\">Groupe Scolaire Gustave Ansart<\/a><\/p>\t\t\t\t\t\t\t\t<\/div>\n\t\t\t\t<\/div>\n\t\t\t\t\t<\/div>\n\t\t<\/div>\n\t\t\t\t<div class=\"elementor-column elementor-col-50 elementor-top-column elementor-element elementor-element-2b8261a\" data-id=\"2b8261a\" data-element_type=\"column\" data-e-type=\"column\">\n\t\t\t<div class=\"elementor-widget-wrap elementor-element-populated\">\n\t\t\t\t\t\t<div class=\"elementor-element elementor-element-e84faea elementor-invisible elementor-widget elementor-widget-image\" data-id=\"e84faea\" data-element_type=\"widget\" data-e-type=\"widget\" data-settings=\"{&quot;_animation&quot;:&quot;slideInRight&quot;}\" data-widget_type=\"image.default\">\n\t\t\t\t<div class=\"elementor-widget-container\">\n\t\t\t\t\t\t\t\t\t\t\t\t\t\t\t\t<a href=\"https:\/\/thiant.fr\/wordpress\/jeunesse\/college-jean-jacques-rousseau\/\">\n\t\t\t\t\t\t\t<img decoding=\"async\" width=\"1024\" height=\"683\" src=\"https:\/\/thiant.fr\/wordpress\/jeunesse\/wp-content\/uploads\/sites\/2\/2021\/02\/college-2011-1024x683.jpg\" class=\"attachment-large size-large wp-image-725\" alt=\"\" srcset=\"https:\/\/thiant.fr\/wordpress\/jeunesse\/wp-content\/uploads\/sites\/2\/2021\/02\/college-2011-1024x683.jpg.webp 1024w, https:\/\/thiant.fr\/wordpress\/jeunesse\/wp-content\/uploads\/sites\/2\/2021\/02\/college-2011-300x200.jpg 300w, https:\/\/thiant.fr\/wordpress\/jeunesse\/wp-content\/uploads\/sites\/2\/2021\/02\/college-2011-768x512.jpg.webp 768w, https:\/\/thiant.fr\/wordpress\/jeunesse\/wp-content\/uploads\/sites\/2\/2021\/02\/college-2011-1536x1024.jpg.webp 1536w, https:\/\/thiant.fr\/wordpress\/jeunesse\/wp-content\/uploads\/sites\/2\/2021\/02\/college-2011-2048x1365.jpg.webp 2048w\" sizes=\"(max-width: 1024px) 100vw, 1024px\" \/>\t\t\t\t\t\t\t\t<\/a>\n\t\t\t\t\t\t\t\t\t\t\t\t\t\t\t<\/div>\n\t\t\t\t<\/div>\n\t\t\t\t<div class=\"elementor-element elementor-element-5b49138 elementor-widget elementor-widget-text-editor\" data-id=\"5b49138\" data-element_type=\"widget\" data-e-type=\"widget\" data-widget_type=\"text-editor.default\">\n\t\t\t\t<div class=\"elementor-widget-container\">\n\t\t\t\t\t\t\t\t\t<p style=\"text-align: center\"><a href=\"..\/college-jean-jacques-rousseau\/\">Coll\u00e8ge Jean-Jacques Rousseau<\/a><\/p>\t\t\t\t\t\t\t\t<\/div>\n\t\t\t\t<\/div>\n\t\t\t\t\t<\/div>\n\t\t<\/div>\n\t\t\t\t\t<\/div>\n\t\t<\/section>\n\t\t\t\t<section class=\"elementor-section elementor-top-section elementor-element elementor-element-59b8e55 elementor-section-boxed elementor-section-height-default elementor-section-height-default\" data-id=\"59b8e55\" data-element_type=\"section\" data-e-type=\"section\">\n\t\t\t\t\t\t<div class=\"elementor-container elementor-column-gap-default\">\n\t\t\t\t\t<div class=\"elementor-column elementor-col-50 elementor-top-column elementor-element elementor-element-3105d38\" data-id=\"3105d38\" data-element_type=\"column\" data-e-type=\"column\">\n\t\t\t<div class=\"elementor-widget-wrap elementor-element-populated\">\n\t\t\t\t\t\t<div class=\"elementor-element elementor-element-3e56c82 elementor-invisible elementor-widget elementor-widget-image\" data-id=\"3e56c82\" data-element_type=\"widget\" data-e-type=\"widget\" data-settings=\"{&quot;_animation&quot;:&quot;fadeInUp&quot;}\" data-widget_type=\"image.default\">\n\t\t\t\t<div class=\"elementor-widget-container\">\n\t\t\t\t\t\t\t\t\t\t\t\t\t\t\t\t<a href=\"https:\/\/thiant.fr\/wordpress\/jeunesse\/cantine-et-periscolaire\/\">\n\t\t\t\t\t\t\t<img decoding=\"async\" width=\"1024\" height=\"330\" src=\"https:\/\/thiant.fr\/wordpress\/jeunesse\/wp-content\/uploads\/sites\/2\/2020\/09\/CANTINE-1024x330-1.png\" class=\"attachment-full size-full wp-image-479\" alt=\"\" srcset=\"https:\/\/thiant.fr\/wordpress\/jeunesse\/wp-content\/uploads\/sites\/2\/2020\/09\/CANTINE-1024x330-1.png.webp 1024w, https:\/\/thiant.fr\/wordpress\/jeunesse\/wp-content\/uploads\/sites\/2\/2020\/09\/CANTINE-1024x330-1-300x97.png.webp 300w, https:\/\/thiant.fr\/wordpress\/jeunesse\/wp-content\/uploads\/sites\/2\/2020\/09\/CANTINE-1024x330-1-768x248.png.webp 768w\" sizes=\"(max-width: 1024px) 100vw, 1024px\" \/>\t\t\t\t\t\t\t\t<\/a>\n\t\t\t\t\t\t\t\t\t\t\t\t\t\t\t<\/div>\n\t\t\t\t<\/div>\n\t\t\t\t<div class=\"elementor-element elementor-element-726fd1f elementor-widget elementor-widget-text-editor\" data-id=\"726fd1f\" data-element_type=\"widget\" data-e-type=\"widget\" data-widget_type=\"text-editor.default\">\n\t\t\t\t<div class=\"elementor-widget-container\">\n\t\t\t\t\t\t\t\t\t<p style=\"text-align: center\"><a href=\"..\/cantine-et-periscolaire\/\">Cantine &amp; p\u00e9riscolaire<\/a><\/p>\t\t\t\t\t\t\t\t<\/div>\n\t\t\t\t<\/div>\n\t\t\t\t\t<\/div>\n\t\t<\/div>\n\t\t\t\t<div class=\"elementor-column elementor-col-50 elementor-top-column elementor-element elementor-element-f7df9a3\" data-id=\"f7df9a3\" data-element_type=\"column\" data-e-type=\"column\">\n\t\t\t<div class=\"elementor-widget-wrap elementor-element-populated\">\n\t\t\t\t\t\t<div class=\"elementor-element elementor-element-20cbeb3 elementor-invisible elementor-widget elementor-widget-image\" data-id=\"20cbeb3\" data-element_type=\"widget\" data-e-type=\"widget\" data-settings=\"{&quot;_animation&quot;:&quot;fadeInUp&quot;}\" data-widget_type=\"image.default\">\n\t\t\t\t<div class=\"elementor-widget-container\">\n\t\t\t\t\t\t\t\t\t\t\t\t\t\t\t\t<a href=\"https:\/\/thiant.fr\/wordpress\/jeunesse\/lenseignement\/aides-financieres\/\">\n\t\t\t\t\t\t\t<img decoding=\"async\" src=\"https:\/\/thiant.fr\/wordpress\/jeunesse\/wp-content\/uploads\/sites\/2\/elementor\/thumbs\/billets-pieces-qc1z32fk0s5ap41q9dtsow06zw6hkmijhcvhvftf50.jpg\" title=\"billets-pi\u00e8ces\" alt=\"billets-pi\u00e8ces\" loading=\"lazy\" \/>\t\t\t\t\t\t\t\t<\/a>\n\t\t\t\t\t\t\t\t\t\t\t\t\t\t\t<\/div>\n\t\t\t\t<\/div>\n\t\t\t\t<div class=\"elementor-element elementor-element-139c458 elementor-widget elementor-widget-text-editor\" data-id=\"139c458\" data-element_type=\"widget\" data-e-type=\"widget\" data-widget_type=\"text-editor.default\">\n\t\t\t\t<div class=\"elementor-widget-container\">\n\t\t\t\t\t\t\t\t\t<p style=\"text-align: center\"><a href=\"https:\/\/thiant.fr\/wordpress\/jeunesse\/lenseignement\/aides-financieres\/\">Aides Financi\u00e8res<\/a><\/p>\t\t\t\t\t\t\t\t<\/div>\n\t\t\t\t<\/div>\n\t\t\t\t\t<\/div>\n\t\t<\/div>\n\t\t\t\t\t<\/div>\n\t\t<\/section>\n\t\t\t\t<\/div>\n\t\t","protected":false},"excerpt":{"rendered":"<p>Groupe Scolaire Gustave Ansart Coll\u00e8ge Jean-Jacques Rousseau Cantine &amp; p\u00e9riscolaire Aides Financi\u00e8res<\/p>\n","protected":false},"author":1,"featured_media":0,"parent":0,"menu_order":0,"comment_status":"closed","ping_status":"closed","template":"","meta":{"_crdt_document":"","ocean_post_layout":"","ocean_both_sidebars_style":"","ocean_both_sidebars_content_width":0,"ocean_both_sidebars_sidebars_width":0,"ocean_sidebar":"0","ocean_second_sidebar":"0","ocean_disable_margins":"enable","ocean_add_body_class":"","ocean_shortcode_before_top_bar":"","ocean_shortcode_after_top_bar":"","ocean_shortcode_before_header":"","ocean_shortcode_after_header":"","ocean_has_shortcode":"","ocean_shortcode_after_title":"","ocean_shortcode_before_footer_widgets":"","ocean_shortcode_after_footer_widgets":"","ocean_shortcode_before_footer_bottom":"","ocean_shortcode_after_footer_bottom":"","ocean_display_top_bar":"default","ocean_display_header":"default","ocean_header_style":"","ocean_center_header_left_menu":"0","ocean_custom_header_template":"0","ocean_custom_logo":0,"ocean_custom_retina_logo":0,"ocean_custom_logo_max_width":0,"ocean_custom_logo_tablet_max_width":0,"ocean_custom_logo_mobile_max_width":0,"ocean_custom_logo_max_height":0,"ocean_custom_logo_tablet_max_height":0,"ocean_custom_logo_mobile_max_height":0,"ocean_header_custom_menu":"0","ocean_menu_typo_font_family":"0","ocean_menu_typo_font_subset":"","ocean_menu_typo_font_size":0,"ocean_menu_typo_font_size_tablet":0,"ocean_menu_typo_font_size_mobile":0,"ocean_menu_typo_font_size_unit":"px","ocean_menu_typo_font_weight":"","ocean_menu_typo_font_weight_tablet":"","ocean_menu_typo_font_weight_mobile":"","ocean_menu_typo_transform":"","ocean_menu_typo_transform_tablet":"","ocean_menu_typo_transform_mobile":"","ocean_menu_typo_line_height":0,"ocean_menu_typo_line_height_tablet":0,"ocean_menu_typo_line_height_mobile":0,"ocean_menu_typo_line_height_unit":"","ocean_menu_typo_spacing":0,"ocean_menu_typo_spacing_tablet":0,"ocean_menu_typo_spacing_mobile":0,"ocean_menu_typo_spacing_unit":"","ocean_menu_link_color":"","ocean_menu_link_color_hover":"","ocean_menu_link_color_active":"","ocean_menu_link_background":"","ocean_menu_link_hover_background":"","ocean_menu_link_active_background":"","ocean_menu_social_links_bg":"","ocean_menu_social_hover_links_bg":"","ocean_menu_social_links_color":"","ocean_menu_social_hover_links_color":"","ocean_disable_title":"default","ocean_disable_heading":"default","ocean_post_title":"","ocean_post_subheading":"","ocean_post_title_style":"","ocean_post_title_background_color":"","ocean_post_title_background":0,"ocean_post_title_bg_image_position":"","ocean_post_title_bg_image_attachment":"","ocean_post_title_bg_image_repeat":"","ocean_post_title_bg_image_size":"","ocean_post_title_height":0,"ocean_post_title_bg_overlay":0.5,"ocean_post_title_bg_overlay_color":"","ocean_disable_breadcrumbs":"default","ocean_breadcrumbs_color":"","ocean_breadcrumbs_separator_color":"","ocean_breadcrumbs_links_color":"","ocean_breadcrumbs_links_hover_color":"","ocean_display_footer_widgets":"default","ocean_display_footer_bottom":"default","ocean_custom_footer_template":"0","footnotes":""},"class_list":["post-723","page","type-page","status-publish","hentry","entry"],"yoast_head":"<!-- This site is optimized with the Yoast SEO plugin v27.3 - https:\/\/yoast.com\/product\/yoast-seo-wordpress\/ -->\n<title>L&#039;enseignement - Espace jeunesse du site officiel de la Ville de Thiant<\/title>\n<meta name=\"robots\" content=\"index, follow, max-snippet:-1, max-image-preview:large, max-video-preview:-1\" \/>\n<link rel=\"canonical\" href=\"https:\/\/thiant.fr\/wordpress\/jeunesse\/lenseignement\/\" \/>\n<meta property=\"og:locale\" content=\"fr_FR\" \/>\n<meta property=\"og:type\" content=\"article\" \/>\n<meta property=\"og:title\" content=\"L&#039;enseignement - Espace jeunesse du site officiel de la Ville de Thiant\" \/>\n<meta property=\"og:description\" content=\"Groupe Scolaire Gustave Ansart Coll\u00e8ge Jean-Jacques Rousseau Cantine &amp; p\u00e9riscolaire Aides Financi\u00e8res\" \/>\n<meta property=\"og:url\" content=\"https:\/\/thiant.fr\/wordpress\/jeunesse\/lenseignement\/\" \/>\n<meta property=\"og:site_name\" content=\"Espace jeunesse du site officiel de la Ville de Thiant\" \/>\n<meta property=\"article:publisher\" content=\"https:\/\/www.facebook.com\/commune.thiant.1\" \/>\n<meta property=\"article:modified_time\" content=\"2024-11-20T12:45:00+00:00\" \/>\n<meta property=\"og:image\" content=\"https:\/\/thiant.fr\/wordpress\/jeunesse\/wp-content\/uploads\/sites\/2\/2021\/02\/GSAnsart-2015_01.jpg\" \/>\n\t<meta property=\"og:image:width\" content=\"1024\" \/>\n\t<meta property=\"og:image:height\" content=\"683\" \/>\n\t<meta property=\"og:image:type\" content=\"image\/jpeg\" \/>\n<meta name=\"twitter:card\" content=\"summary_large_image\" \/>\n<meta name=\"twitter:label1\" content=\"Dur\u00e9e de lecture estim\u00e9e\" \/>\n\t<meta name=\"twitter:data1\" content=\"1 minute\" \/>\n<script type=\"application\/ld+json\" class=\"yoast-schema-graph\">{\"@context\":\"https:\\\/\\\/schema.org\",\"@graph\":[{\"@type\":\"WebPage\",\"@id\":\"https:\\\/\\\/thiant.fr\\\/wordpress\\\/jeunesse\\\/lenseignement\\\/\",\"url\":\"https:\\\/\\\/thiant.fr\\\/wordpress\\\/jeunesse\\\/lenseignement\\\/\",\"name\":\"L'enseignement - Espace jeunesse du site officiel de la Ville de Thiant\",\"isPartOf\":{\"@id\":\"https:\\\/\\\/thiant.fr\\\/wordpress\\\/jeunesse\\\/#website\"},\"primaryImageOfPage\":{\"@id\":\"https:\\\/\\\/thiant.fr\\\/wordpress\\\/jeunesse\\\/lenseignement\\\/#primaryimage\"},\"image\":{\"@id\":\"https:\\\/\\\/thiant.fr\\\/wordpress\\\/jeunesse\\\/lenseignement\\\/#primaryimage\"},\"thumbnailUrl\":\"https:\\\/\\\/thiant.fr\\\/wordpress\\\/jeunesse\\\/wp-content\\\/uploads\\\/sites\\\/2\\\/2021\\\/02\\\/GSAnsart-2015_01.jpg\",\"datePublished\":\"2021-02-18T15:05:38+00:00\",\"dateModified\":\"2024-11-20T12:45:00+00:00\",\"breadcrumb\":{\"@id\":\"https:\\\/\\\/thiant.fr\\\/wordpress\\\/jeunesse\\\/lenseignement\\\/#breadcrumb\"},\"inLanguage\":\"fr-FR\",\"potentialAction\":[{\"@type\":\"ReadAction\",\"target\":[\"https:\\\/\\\/thiant.fr\\\/wordpress\\\/jeunesse\\\/lenseignement\\\/\"]}]},{\"@type\":\"ImageObject\",\"inLanguage\":\"fr-FR\",\"@id\":\"https:\\\/\\\/thiant.fr\\\/wordpress\\\/jeunesse\\\/lenseignement\\\/#primaryimage\",\"url\":\"https:\\\/\\\/thiant.fr\\\/wordpress\\\/jeunesse\\\/wp-content\\\/uploads\\\/sites\\\/2\\\/2021\\\/02\\\/GSAnsart-2015_01.jpg\",\"contentUrl\":\"https:\\\/\\\/thiant.fr\\\/wordpress\\\/jeunesse\\\/wp-content\\\/uploads\\\/sites\\\/2\\\/2021\\\/02\\\/GSAnsart-2015_01.jpg\",\"width\":1024,\"height\":683},{\"@type\":\"BreadcrumbList\",\"@id\":\"https:\\\/\\\/thiant.fr\\\/wordpress\\\/jeunesse\\\/lenseignement\\\/#breadcrumb\",\"itemListElement\":[{\"@type\":\"ListItem\",\"position\":1,\"name\":\"Accueil\",\"item\":\"https:\\\/\\\/thiant.fr\\\/wordpress\\\/jeunesse\\\/\"},{\"@type\":\"ListItem\",\"position\":2,\"name\":\"L&#8217;enseignement\"}]},{\"@type\":\"WebSite\",\"@id\":\"https:\\\/\\\/thiant.fr\\\/wordpress\\\/jeunesse\\\/#website\",\"url\":\"https:\\\/\\\/thiant.fr\\\/wordpress\\\/jeunesse\\\/\",\"name\":\"Espace jeunesse du site officiel de la Ville de Thiant\",\"description\":\"\",\"publisher\":{\"@id\":\"https:\\\/\\\/thiant.fr\\\/wordpress\\\/jeunesse\\\/#organization\"},\"potentialAction\":[{\"@type\":\"SearchAction\",\"target\":{\"@type\":\"EntryPoint\",\"urlTemplate\":\"https:\\\/\\\/thiant.fr\\\/wordpress\\\/jeunesse\\\/?s={search_term_string}\"},\"query-input\":{\"@type\":\"PropertyValueSpecification\",\"valueRequired\":true,\"valueName\":\"search_term_string\"}}],\"inLanguage\":\"fr-FR\"},{\"@type\":\"Organization\",\"@id\":\"https:\\\/\\\/thiant.fr\\\/wordpress\\\/jeunesse\\\/#organization\",\"name\":\"Espace jeunesse du site officiel de la Ville de Thiant\",\"url\":\"https:\\\/\\\/thiant.fr\\\/wordpress\\\/jeunesse\\\/\",\"logo\":{\"@type\":\"ImageObject\",\"inLanguage\":\"fr-FR\",\"@id\":\"https:\\\/\\\/thiant.fr\\\/wordpress\\\/jeunesse\\\/#\\\/schema\\\/logo\\\/image\\\/\",\"url\":\"https:\\\/\\\/thiant.fr\\\/wordpress\\\/jeunesse\\\/wp-content\\\/uploads\\\/sites\\\/2\\\/2019\\\/10\\\/Logo_jeunesse_02-1.png\",\"contentUrl\":\"https:\\\/\\\/thiant.fr\\\/wordpress\\\/jeunesse\\\/wp-content\\\/uploads\\\/sites\\\/2\\\/2019\\\/10\\\/Logo_jeunesse_02-1.png\",\"width\":384,\"height\":203,\"caption\":\"Espace jeunesse du site officiel de la Ville de Thiant\"},\"image\":{\"@id\":\"https:\\\/\\\/thiant.fr\\\/wordpress\\\/jeunesse\\\/#\\\/schema\\\/logo\\\/image\\\/\"},\"sameAs\":[\"https:\\\/\\\/www.facebook.com\\\/commune.thiant.1\"]}]}<\/script>\n<!-- \/ Yoast SEO plugin. -->","yoast_head_json":{"title":"L'enseignement - Espace jeunesse du site officiel de la Ville de Thiant","robots":{"index":"index","follow":"follow","max-snippet":"max-snippet:-1","max-image-preview":"max-image-preview:large","max-video-preview":"max-video-preview:-1"},"canonical":"https:\/\/thiant.fr\/wordpress\/jeunesse\/lenseignement\/","og_locale":"fr_FR","og_type":"article","og_title":"L'enseignement - Espace jeunesse du site officiel de la Ville de Thiant","og_description":"Groupe Scolaire Gustave Ansart Coll\u00e8ge Jean-Jacques Rousseau Cantine &amp; p\u00e9riscolaire Aides Financi\u00e8res","og_url":"https:\/\/thiant.fr\/wordpress\/jeunesse\/lenseignement\/","og_site_name":"Espace jeunesse du site officiel de la Ville de Thiant","article_publisher":"https:\/\/www.facebook.com\/commune.thiant.1","article_modified_time":"2024-11-20T12:45:00+00:00","og_image":[{"width":1024,"height":683,"url":"https:\/\/thiant.fr\/wordpress\/jeunesse\/wp-content\/uploads\/sites\/2\/2021\/02\/GSAnsart-2015_01.jpg","type":"image\/jpeg"}],"twitter_card":"summary_large_image","twitter_misc":{"Dur\u00e9e de lecture estim\u00e9e":"1 minute"},"schema":{"@context":"https:\/\/schema.org","@graph":[{"@type":"WebPage","@id":"https:\/\/thiant.fr\/wordpress\/jeunesse\/lenseignement\/","url":"https:\/\/thiant.fr\/wordpress\/jeunesse\/lenseignement\/","name":"L'enseignement - Espace jeunesse du site officiel de la Ville de Thiant","isPartOf":{"@id":"https:\/\/thiant.fr\/wordpress\/jeunesse\/#website"},"primaryImageOfPage":{"@id":"https:\/\/thiant.fr\/wordpress\/jeunesse\/lenseignement\/#primaryimage"},"image":{"@id":"https:\/\/thiant.fr\/wordpress\/jeunesse\/lenseignement\/#primaryimage"},"thumbnailUrl":"https:\/\/thiant.fr\/wordpress\/jeunesse\/wp-content\/uploads\/sites\/2\/2021\/02\/GSAnsart-2015_01.jpg","datePublished":"2021-02-18T15:05:38+00:00","dateModified":"2024-11-20T12:45:00+00:00","breadcrumb":{"@id":"https:\/\/thiant.fr\/wordpress\/jeunesse\/lenseignement\/#breadcrumb"},"inLanguage":"fr-FR","potentialAction":[{"@type":"ReadAction","target":["https:\/\/thiant.fr\/wordpress\/jeunesse\/lenseignement\/"]}]},{"@type":"ImageObject","inLanguage":"fr-FR","@id":"https:\/\/thiant.fr\/wordpress\/jeunesse\/lenseignement\/#primaryimage","url":"https:\/\/thiant.fr\/wordpress\/jeunesse\/wp-content\/uploads\/sites\/2\/2021\/02\/GSAnsart-2015_01.jpg","contentUrl":"https:\/\/thiant.fr\/wordpress\/jeunesse\/wp-content\/uploads\/sites\/2\/2021\/02\/GSAnsart-2015_01.jpg","width":1024,"height":683},{"@type":"BreadcrumbList","@id":"https:\/\/thiant.fr\/wordpress\/jeunesse\/lenseignement\/#breadcrumb","itemListElement":[{"@type":"ListItem","position":1,"name":"Accueil","item":"https:\/\/thiant.fr\/wordpress\/jeunesse\/"},{"@type":"ListItem","position":2,"name":"L&#8217;enseignement"}]},{"@type":"WebSite","@id":"https:\/\/thiant.fr\/wordpress\/jeunesse\/#website","url":"https:\/\/thiant.fr\/wordpress\/jeunesse\/","name":"Espace jeunesse du site officiel de la Ville de Thiant","description":"","publisher":{"@id":"https:\/\/thiant.fr\/wordpress\/jeunesse\/#organization"},"potentialAction":[{"@type":"SearchAction","target":{"@type":"EntryPoint","urlTemplate":"https:\/\/thiant.fr\/wordpress\/jeunesse\/?s={search_term_string}"},"query-input":{"@type":"PropertyValueSpecification","valueRequired":true,"valueName":"search_term_string"}}],"inLanguage":"fr-FR"},{"@type":"Organization","@id":"https:\/\/thiant.fr\/wordpress\/jeunesse\/#organization","name":"Espace jeunesse du site officiel de la Ville de Thiant","url":"https:\/\/thiant.fr\/wordpress\/jeunesse\/","logo":{"@type":"ImageObject","inLanguage":"fr-FR","@id":"https:\/\/thiant.fr\/wordpress\/jeunesse\/#\/schema\/logo\/image\/","url":"https:\/\/thiant.fr\/wordpress\/jeunesse\/wp-content\/uploads\/sites\/2\/2019\/10\/Logo_jeunesse_02-1.png","contentUrl":"https:\/\/thiant.fr\/wordpress\/jeunesse\/wp-content\/uploads\/sites\/2\/2019\/10\/Logo_jeunesse_02-1.png","width":384,"height":203,"caption":"Espace jeunesse du site officiel de la Ville de Thiant"},"image":{"@id":"https:\/\/thiant.fr\/wordpress\/jeunesse\/#\/schema\/logo\/image\/"},"sameAs":["https:\/\/www.facebook.com\/commune.thiant.1"]}]}},"_links":{"self":[{"href":"https:\/\/thiant.fr\/wordpress\/jeunesse\/wp-json\/wp\/v2\/pages\/723","targetHints":{"allow":["GET"]}}],"collection":[{"href":"https:\/\/thiant.fr\/wordpress\/jeunesse\/wp-json\/wp\/v2\/pages"}],"about":[{"href":"https:\/\/thiant.fr\/wordpress\/jeunesse\/wp-json\/wp\/v2\/types\/page"}],"author":[{"embeddable":true,"href":"https:\/\/thiant.fr\/wordpress\/jeunesse\/wp-json\/wp\/v2\/users\/1"}],"replies":[{"embeddable":true,"href":"https:\/\/thiant.fr\/wordpress\/jeunesse\/wp-json\/wp\/v2\/comments?post=723"}],"version-history":[{"count":19,"href":"https:\/\/thiant.fr\/wordpress\/jeunesse\/wp-json\/wp\/v2\/pages\/723\/revisions"}],"predecessor-version":[{"id":2152,"href":"https:\/\/thiant.fr\/wordpress\/jeunesse\/wp-json\/wp\/v2\/pages\/723\/revisions\/2152"}],"wp:attachment":[{"href":"https:\/\/thiant.fr\/wordpress\/jeunesse\/wp-json\/wp\/v2\/media?parent=723"}],"curies":[{"name":"wp","href":"https:\/\/api.w.org\/{rel}","templated":true}]}}