{"id":1536,"date":"2020-09-03T13:30:10","date_gmt":"2020-09-03T11:30:10","guid":{"rendered":"https:\/\/thiant.fr\/wordpress\/?page_id=1536"},"modified":"2026-03-27T14:46:36","modified_gmt":"2026-03-27T13:46:36","slug":"commissions-municipales","status":"publish","type":"page","link":"https:\/\/thiant.fr\/wordpress\/commissions-municipales\/","title":{"rendered":"Commissions municipales"},"content":{"rendered":"\t\t<div data-elementor-type=\"wp-page\" data-elementor-id=\"1536\" class=\"elementor elementor-1536\">\n\t\t\t\t\t\t<section class=\"elementor-section elementor-top-section elementor-element elementor-element-8789651 elementor-section-boxed elementor-section-height-default elementor-section-height-default\" data-id=\"8789651\" data-element_type=\"section\" data-e-type=\"section\">\n\t\t\t\t\t\t<div class=\"elementor-container elementor-column-gap-default\">\n\t\t\t\t\t<div class=\"elementor-column elementor-col-100 elementor-top-column elementor-element elementor-element-184dacd\" data-id=\"184dacd\" data-element_type=\"column\" data-e-type=\"column\">\n\t\t\t<div class=\"elementor-widget-wrap elementor-element-populated\">\n\t\t\t\t\t\t<div class=\"elementor-element elementor-element-c0c423c elementor-widget elementor-widget-text-editor\" data-id=\"c0c423c\" data-element_type=\"widget\" data-e-type=\"widget\" data-widget_type=\"text-editor.default\">\n\t\t\t\t<div class=\"elementor-widget-container\">\n\t\t\t\t\t\t\t\t\t<h3 style=\"text-align: center;\"><span style=\"color: #000080;\">Les commissions municipales<\/span><\/h3><p><strong><span style=\"color: #333333;\">Les commissions municipales sont pr\u00e9sid\u00e9es par le maire, Jimmy LAURENT. Les adjoint\u00b7es et conseiller\u00b7\u00e8res d\u00e9l\u00e9gu\u00e9\u00b7es en sont membres de droit.<\/span><\/strong><\/p><p><span style=\"color: #333333;\">Merci d&#8217;<span style=\"text-decoration: underline;\">envoyer vos demandes \u00e0 l&#8217;adresse e-mail indiqu\u00e9e pour la commission voulue<\/span> ou \u00e0 mairie@thiant.fr en pr\u00e9cisant le nom de la commission sollicit\u00e9e.<\/span><\/p><h5><span style=\"color: #000080;\">Coh\u00e9sion sociale, solidarit\u00e9s interg\u00e9n\u00e9rationnelles, sant\u00e9 et handicap<\/span><\/h5><p style=\"padding-left: 40px;\"><strong><span style=\"color: #197600;\">Vice-Pr\u00e9sidente : Fran\u00e7oise BAR-DESESPRINGALLE<\/span><\/strong><br \/><span style=\"color: #333333;\"><span style=\"text-decoration: underline;\">Membres :<\/span> Catherine BRABANT, Sana DELROT, Virginie LARIVE, Annie COLEAU, Jean-Michel HARBONNIER, S\u00e9bastien FRAN\u00c7OIS, Lucie LUCI<\/span><\/p><p style=\"padding-left: 40px;\"><span style=\"color: #993300;\"><strong>Contact : f.bar-desespringalle@thiant.fr<\/strong><\/span><\/p><h5><span style=\"color: #000080;\">Finances et optimisation des d\u00e9penses publiques<\/span><\/h5><p style=\"padding-left: 40px;\"><strong><span style=\"color: #197600;\">Vice-Pr\u00e9sident : Jean-Michel HARBONNIER<\/span><\/strong><br \/><span style=\"color: #333333;\"><span style=\"text-decoration: underline;\">Membres :<\/span> Nathalie SOURISSE, Fran\u00e7oise BAR-SESPRINGALLE, Pascal LION, Alain DUPONT, Fr\u00e9d\u00e9ric MASCLET, Rapha\u00ebl BALBONA, Jean-No\u00ebl POTTIEZ<\/span><\/p><p style=\"padding-left: 40px;\"><span style=\"color: #993300;\"><strong>Contact : jm.harbonnier@thiant.fr<\/strong><\/span><\/p><h5><span style=\"color: #000080;\">Enfance, jeunesse, vie scolaire<\/span><\/h5><p style=\"padding-left: 40px;\"><span style=\"color: #197600;\"><strong>Vice-Pr\u00e9sidente : Pauline LEROY<\/strong><\/span><br \/><span style=\"color: #333333;\"><span style=\"text-decoration: underline;\">Membres :<\/span> Annie COLEAU, Sana DELROT, Marie-Blanche LEDUC, L\u00e6titia BATAILLE, Laurent CORBIER, \u00c9milie LEBRUN, S\u00e9bastien FRAN\u00c7OIS, Jean-No\u00ebl POTTIEZ<\/span><\/p><p style=\"padding-left: 40px;\"><span style=\"color: #993300;\"><strong>Contact : p.leroy@thiant.fr<\/strong><\/span><\/p><h5><span style=\"color: #000080;\">Travaux et patrimoine b\u00e2ti<\/span><\/h5><p style=\"padding-left: 40px;\"><span style=\"color: #333333;\"><span style=\"color: #197600;\"><strong>Vice-Pr\u00e9sident : Philippe LEBRUN<\/strong><\/span><span style=\"text-decoration: underline;\"><br \/>Membres :<\/span> Rapha\u00ebl BALBONA, Alain DUPONT, Jean-Louis DANGLETERRE, Jean-Michel HARBONNIER, Catherine BRABANT, Philippe WAELKENS<\/span><\/p><p style=\"padding-left: 40px;\"><span style=\"color: #993300;\"><strong>Contact : p.lebrun@thiant.fr<\/strong><\/span><\/p><h5><span style=\"color: #000080;\">Vie associative, sports et culture<\/span><\/h5><p style=\"padding-left: 40px;\"><strong><span style=\"color: #197600;\">Vice-Pr\u00e9sidente : L\u00e6titia BATAILLE<\/span><\/strong><br \/><span style=\"color: #333333;\"><span style=\"text-decoration: underline;\">Membres :<\/span> Pascal LION, Fr\u00e9d\u00e9ric MASCLET, Nathalie SOURISSE, Annie COLEAU, Marie-Blanche LEDUC, Pauline LEROY, Philippe WAELKENS<\/span><\/p><p style=\"padding-left: 40px;\"><span style=\"color: #993300;\"><strong>Contact : l.bataille@thiant.fr<\/strong><\/span><\/p><h5><span style=\"color: #000080;\">Urbanisme, am\u00e9nagement du territoire et mobilit\u00e9<\/span><\/h5><p style=\"padding-left: 40px;\"><strong><span style=\"color: #197600;\">Vice-Pr\u00e9sident : Rapha\u00ebl BALBONA<\/span><\/strong><br \/><span style=\"color: #333333;\"><span style=\"text-decoration: underline;\">Membres :<\/span> Jean-Louis DANGLETERRE, Philippe LEBRUN, Alain DUPONT, Fr\u00e9d\u00e9ric MASCLET, Laurent CORBIER, Jean-Michel HARBONNIER, Lucie LUCI<\/span><\/p><p style=\"padding-left: 40px;\"><span style=\"color: #993300;\"><strong>Contact : r.balbona@thiant.fr<\/strong><\/span><\/p><h5><span style=\"color: #000080;\">Administration g\u00e9n\u00e9rale et dialogue social<\/span><\/h5><p style=\"padding-left: 40px;\"><strong><span style=\"color: #197600;\">Vice-Pr\u00e9sidente : Nathalie SOURISSE<\/span><\/strong><br \/><span style=\"color: #993300;\"><strong>Contact : n.sourisse@thiant.fr<\/strong><\/span><\/p><h5><span style=\"color: #000080;\">Animation locale et communication<\/span><\/h5><p style=\"padding-left: 40px;\"><strong><span style=\"color: #197600;\">Vice-Pr\u00e9sident : Pascal LION<\/span><\/strong><br \/><span style=\"color: #993300;\"><strong>Contact : p.lion@thiant.fr<\/strong><\/span><\/p><h5><span style=\"color: #000080;\">Tranquillit\u00e9 publique et s\u00e9curit\u00e9 des biens et des personnes<\/span><\/h5><p style=\"padding-left: 40px;\"><span style=\"color: #197600;\"><strong>Vice-Pr\u00e9sident : Jean-Louis DANGLETERRE<\/strong><\/span><br \/><span style=\"color: #993300;\"><strong>Contact : jl.dangleterre@thiant.fr<\/strong><\/span><\/p><h3 style=\"text-align: center;\"><span style=\"color: #000080;\">Les E.P.C.I. et Syndicats Intercommunaux<\/span><\/h3><p><span style=\"color: #333333;\">La r\u00e9partition n&#8217;ayant pas encore \u00e9t\u00e9 faite, les propositions soumises \u00e0 validation par les instances concern\u00e9es ne sont pas encore d&#8217;actualit\u00e9.<\/span><\/p><h5><span style=\"color: #000080;\">COMMISSION D&#8217;APPEL D&#8217;OFFRES (CAO)<\/span><\/h5><p style=\"padding-left: 40px;\"><span style=\"color: #197600;\"><strong>Pr\u00e9sident : Jimmy LAURENT<\/strong><\/span><br \/><span style=\"color: #333333;\">Titulaires :<\/span><br \/><span style=\"color: #333333;\">Suppl\u00e9ants :\u00a0<\/span><\/p><h5><span style=\"color: #000080;\">CENTRE COMMUNAL D&#8217;ACTION SOCIALE (CCAS)<\/span><\/h5><p style=\"padding-left: 40px;\"><span style=\"color: #197600;\"><strong>Pr\u00e9sident : Jimmy LAURENT<\/strong><\/span><br \/><span style=\"color: #333333;\">Membres \u00e9lus :\u00a0<\/span><\/p><h5><span style=\"color: #000080;\">OFFICE DES SPORTS ET DES ASSOCIATIONS DE THIANT (OSAT)<\/span><\/h5><p style=\"padding-left: 40px;\"><span style=\"color: #333333;\"> Conseillers municipaux \u00e9lus :\u00a0<\/span><span style=\"color: #333333;\"><br \/><\/span><\/p><h5><span style=\"color: #000080;\">COMITE DES \u00c2GES DU PAYS TRITHOIS<\/span><\/h5><p style=\"padding-left: 40px;\"><span style=\"color: #333333;\">Premi\u00e8re d\u00e9l\u00e9gu\u00e9e titulaire :\u00a0<\/span><br \/><span style=\"color: #333333;\">Deuxi\u00e8me d\u00e9l\u00e9gu\u00e9e titulaire :\u00a0<\/span><br \/><span style=\"color: #333333;\">Premi\u00e8re d\u00e9l\u00e9gu\u00e9e suppl\u00e9ante :\u00a0<\/span><br \/><span style=\"color: #333333;\">Deuxi\u00e8me d\u00e9l\u00e9gu\u00e9e suppl\u00e9ante :\u00a0<\/span><\/p><h5><span style=\"color: #000080;\">SIDEGAV<\/span><\/h5><p style=\"padding-left: 40px;\"><span style=\"color: #333333;\">Premi\u00e8re d\u00e9l\u00e9gu\u00e9e titulaire :\u00a0<\/span><br \/><span style=\"color: #333333;\">Deuxi\u00e8me d\u00e9l\u00e9gu\u00e9e titulaire :\u00a0<\/span><br \/><span style=\"color: #333333;\">Premi\u00e8re d\u00e9l\u00e9gu\u00e9e suppl\u00e9ante :\u00a0<\/span><\/p><h5><span style=\"color: #000080;\">CONSEIL D&#8217;ADMINISTRATION DU COLL\u00c8GE DE THIANT<\/span><\/h5><p style=\"padding-left: 40px;\"><span style=\"color: #333333;\">Premi\u00e8re d\u00e9l\u00e9gu\u00e9e titulaire :\u00a0<\/span><br \/><span style=\"color: #333333;\">Deuxi\u00e8me d\u00e9l\u00e9gu\u00e9 titulaire :\u00a0<\/span><br \/><span style=\"color: #333333;\">Premi\u00e8re d\u00e9l\u00e9gu\u00e9e suppl\u00e9ante :\u00a0<\/span><br \/><span style=\"color: #333333;\">Deuxi\u00e8me d\u00e9l\u00e9gu\u00e9e suppl\u00e9ante :\u00a0<\/span><\/p><h5><span style=\"color: #000080;\">ASSOCIATION FONCI\u00c8RE DE REMEMBREMENT<\/span><\/h5><p style=\"padding-left: 40px;\"><span style=\"color: #333333;\">Premier d\u00e9l\u00e9gu\u00e9 titulaire :\u00a0<\/span><br \/><span style=\"color: #333333;\">Premier d\u00e9l\u00e9gu\u00e9 suppl\u00e9ant :\u00a0<br \/>De plus ont \u00e9t\u00e9 propos\u00e9s :\u00a0<\/span><\/p><h5><span style=\"color: #000080;\">CAPH<\/span><\/h5><p style=\"padding-left: 40px;\"><span style=\"color: #333333;\">Premi\u00e8re d\u00e9l\u00e9gu\u00e9e titulaire :\u00a0<\/span><br \/><span style=\"color: #333333;\">Premi\u00e8re d\u00e9l\u00e9gu\u00e9e suppl\u00e9ante :\u00a0<\/span><\/p><h5><span style=\"color: #000080;\">SYNDICAT MIXTE DU BASSIN DE LA SELLE<\/span><\/h5><p style=\"padding-left: 40px;\"><span style=\"color: #333333;\">Premier d\u00e9l\u00e9gu\u00e9 titulaire :\u00a0<\/span><br \/><span style=\"color: #333333;\">Premier d\u00e9l\u00e9gu\u00e9 suppl\u00e9ant :\u00a0<\/span><\/p><h5><span style=\"color: #000080;\">Commission cimeti\u00e8re<\/span><\/h5><p style=\"padding-left: 40px;\"><span style=\"color: #333333;\">Responsables : Vanessa FLAMME (s\/c Aur\u00e9lie GAMEZ DGS) avec Sabrina BERTHE<\/span><br \/><span style=\"color: #333333;\">Membres :\u00a0<\/span><\/p><h5><span style=\"color: #000080;\">Commission des imp\u00f4ts directs<\/span><\/h5><p style=\"padding-left: 40px;\"><span style=\"color: #333333;\">Membres :\u00a0<\/span><\/p><h5><span style=\"color: #000080;\">Commission r\u00e9vision des listes \u00e9lectorales<\/span><\/h5><p style=\"padding-left: 40px;\"><span style=\"color: #333333;\">Membres :\u00a0<\/span><\/p><p style=\"text-align: center;\">\u00a0<\/p>\t\t\t\t\t\t\t\t<\/div>\n\t\t\t\t<\/div>\n\t\t\t\t\t<\/div>\n\t\t<\/div>\n\t\t\t\t\t<\/div>\n\t\t<\/section>\n\t\t\t\t<\/div>\n\t\t","protected":false},"excerpt":{"rendered":"<p>Les commissions municipales Les commissions municipales sont pr\u00e9sid\u00e9es par le maire, Jimmy LAURENT. Les adjoint\u00b7es et conseiller\u00b7\u00e8res d\u00e9l\u00e9gu\u00e9\u00b7es en sont membres de droit. Merci d&#8217;envoyer vos demandes \u00e0 l&#8217;adresse e-mail indiqu\u00e9e pour la commission voulue ou \u00e0 mairie@thiant.fr en pr\u00e9cisant le nom de la commission sollicit\u00e9e. Coh\u00e9sion sociale, solidarit\u00e9s interg\u00e9n\u00e9rationnelles, sant\u00e9 et handicap Vice-Pr\u00e9sidente : [&hellip;]<\/p>\n","protected":false},"author":1,"featured_media":0,"parent":0,"menu_order":0,"comment_status":"closed","ping_status":"closed","template":"","meta":{"_crdt_document":"","ocean_post_layout":"","ocean_both_sidebars_style":"","ocean_both_sidebars_content_width":0,"ocean_both_sidebars_sidebars_width":0,"ocean_sidebar":"0","ocean_second_sidebar":"0","ocean_disable_margins":"enable","ocean_add_body_class":"","ocean_shortcode_before_top_bar":"","ocean_shortcode_after_top_bar":"","ocean_shortcode_before_header":"","ocean_shortcode_after_header":"","ocean_has_shortcode":"","ocean_shortcode_after_title":"","ocean_shortcode_before_footer_widgets":"","ocean_shortcode_after_footer_widgets":"","ocean_shortcode_before_footer_bottom":"","ocean_shortcode_after_footer_bottom":"","ocean_display_top_bar":"default","ocean_display_header":"default","ocean_header_style":"","ocean_center_header_left_menu":"0","ocean_custom_header_template":"0","ocean_custom_logo":0,"ocean_custom_retina_logo":0,"ocean_custom_logo_max_width":0,"ocean_custom_logo_tablet_max_width":0,"ocean_custom_logo_mobile_max_width":0,"ocean_custom_logo_max_height":0,"ocean_custom_logo_tablet_max_height":0,"ocean_custom_logo_mobile_max_height":0,"ocean_header_custom_menu":"0","ocean_menu_typo_font_family":"0","ocean_menu_typo_font_subset":"","ocean_menu_typo_font_size":0,"ocean_menu_typo_font_size_tablet":0,"ocean_menu_typo_font_size_mobile":0,"ocean_menu_typo_font_size_unit":"px","ocean_menu_typo_font_weight":"","ocean_menu_typo_font_weight_tablet":"","ocean_menu_typo_font_weight_mobile":"","ocean_menu_typo_transform":"","ocean_menu_typo_transform_tablet":"","ocean_menu_typo_transform_mobile":"","ocean_menu_typo_line_height":0,"ocean_menu_typo_line_height_tablet":0,"ocean_menu_typo_line_height_mobile":0,"ocean_menu_typo_line_height_unit":"","ocean_menu_typo_spacing":0,"ocean_menu_typo_spacing_tablet":0,"ocean_menu_typo_spacing_mobile":0,"ocean_menu_typo_spacing_unit":"","ocean_menu_link_color":"","ocean_menu_link_color_hover":"","ocean_menu_link_color_active":"","ocean_menu_link_background":"","ocean_menu_link_hover_background":"","ocean_menu_link_active_background":"","ocean_menu_social_links_bg":"","ocean_menu_social_hover_links_bg":"","ocean_menu_social_links_color":"","ocean_menu_social_hover_links_color":"","ocean_disable_title":"default","ocean_disable_heading":"default","ocean_post_title":"","ocean_post_subheading":"","ocean_post_title_style":"","ocean_post_title_background_color":"","ocean_post_title_background":0,"ocean_post_title_bg_image_position":"","ocean_post_title_bg_image_attachment":"","ocean_post_title_bg_image_repeat":"","ocean_post_title_bg_image_size":"","ocean_post_title_height":0,"ocean_post_title_bg_overlay":0.5,"ocean_post_title_bg_overlay_color":"","ocean_disable_breadcrumbs":"default","ocean_breadcrumbs_color":"","ocean_breadcrumbs_separator_color":"","ocean_breadcrumbs_links_color":"","ocean_breadcrumbs_links_hover_color":"","ocean_display_footer_widgets":"default","ocean_display_footer_bottom":"default","ocean_custom_footer_template":"0","footnotes":""},"class_list":["post-1536","page","type-page","status-publish","hentry","entry"],"yoast_head":"<!-- This site is optimized with the Yoast SEO plugin v27.3 - https:\/\/yoast.com\/product\/yoast-seo-wordpress\/ -->\n<title>Commissions municipales - Ville de Thiant<\/title>\n<meta name=\"robots\" content=\"index, follow, max-snippet:-1, max-image-preview:large, max-video-preview:-1\" \/>\n<link rel=\"canonical\" href=\"https:\/\/thiant.fr\/wordpress\/commissions-municipales\/\" \/>\n<meta property=\"og:locale\" content=\"fr_FR\" \/>\n<meta property=\"og:type\" content=\"article\" \/>\n<meta property=\"og:title\" content=\"Commissions municipales - Ville de Thiant\" \/>\n<meta property=\"og:description\" content=\"Les commissions municipales Les commissions municipales sont pr\u00e9sid\u00e9es par le maire, Jimmy LAURENT. Les adjoint\u00b7es et conseiller\u00b7\u00e8res d\u00e9l\u00e9gu\u00e9\u00b7es en sont membres de droit. Merci d&#8217;envoyer vos demandes \u00e0 l&#8217;adresse e-mail indiqu\u00e9e pour la commission voulue ou \u00e0 mairie@thiant.fr en pr\u00e9cisant le nom de la commission sollicit\u00e9e. Coh\u00e9sion sociale, solidarit\u00e9s interg\u00e9n\u00e9rationnelles, sant\u00e9 et handicap Vice-Pr\u00e9sidente : [&hellip;]\" \/>\n<meta property=\"og:url\" content=\"https:\/\/thiant.fr\/wordpress\/commissions-municipales\/\" \/>\n<meta property=\"og:site_name\" content=\"Ville de Thiant\" \/>\n<meta property=\"article:modified_time\" content=\"2026-03-27T13:46:36+00:00\" \/>\n<meta name=\"twitter:card\" content=\"summary_large_image\" \/>\n<meta name=\"twitter:label1\" content=\"Dur\u00e9e de lecture estim\u00e9e\" \/>\n\t<meta name=\"twitter:data1\" content=\"3 minutes\" \/>\n<script type=\"application\/ld+json\" class=\"yoast-schema-graph\">{\"@context\":\"https:\\\/\\\/schema.org\",\"@graph\":[{\"@type\":\"WebPage\",\"@id\":\"https:\\\/\\\/thiant.fr\\\/wordpress\\\/commissions-municipales\\\/\",\"url\":\"https:\\\/\\\/thiant.fr\\\/wordpress\\\/commissions-municipales\\\/\",\"name\":\"Commissions municipales - Ville de Thiant\",\"isPartOf\":{\"@id\":\"https:\\\/\\\/thiant.fr\\\/wordpress\\\/#website\"},\"datePublished\":\"2020-09-03T11:30:10+00:00\",\"dateModified\":\"2026-03-27T13:46:36+00:00\",\"breadcrumb\":{\"@id\":\"https:\\\/\\\/thiant.fr\\\/wordpress\\\/commissions-municipales\\\/#breadcrumb\"},\"inLanguage\":\"fr-FR\",\"potentialAction\":[{\"@type\":\"ReadAction\",\"target\":[\"https:\\\/\\\/thiant.fr\\\/wordpress\\\/commissions-municipales\\\/\"]}]},{\"@type\":\"BreadcrumbList\",\"@id\":\"https:\\\/\\\/thiant.fr\\\/wordpress\\\/commissions-municipales\\\/#breadcrumb\",\"itemListElement\":[{\"@type\":\"ListItem\",\"position\":1,\"name\":\"Accueil\",\"item\":\"https:\\\/\\\/thiant.fr\\\/wordpress\\\/\"},{\"@type\":\"ListItem\",\"position\":2,\"name\":\"Commissions municipales\"}]},{\"@type\":\"WebSite\",\"@id\":\"https:\\\/\\\/thiant.fr\\\/wordpress\\\/#website\",\"url\":\"https:\\\/\\\/thiant.fr\\\/wordpress\\\/\",\"name\":\"Ville de Thiant\",\"description\":\"Site officiel de la ville de Thiant\",\"publisher\":{\"@id\":\"https:\\\/\\\/thiant.fr\\\/wordpress\\\/#organization\"},\"potentialAction\":[{\"@type\":\"SearchAction\",\"target\":{\"@type\":\"EntryPoint\",\"urlTemplate\":\"https:\\\/\\\/thiant.fr\\\/wordpress\\\/?s={search_term_string}\"},\"query-input\":{\"@type\":\"PropertyValueSpecification\",\"valueRequired\":true,\"valueName\":\"search_term_string\"}}],\"inLanguage\":\"fr-FR\"},{\"@type\":\"Organization\",\"@id\":\"https:\\\/\\\/thiant.fr\\\/wordpress\\\/#organization\",\"name\":\"Ville de Thiant\",\"url\":\"https:\\\/\\\/thiant.fr\\\/wordpress\\\/\",\"logo\":{\"@type\":\"ImageObject\",\"inLanguage\":\"fr-FR\",\"@id\":\"https:\\\/\\\/thiant.fr\\\/wordpress\\\/#\\\/schema\\\/logo\\\/image\\\/\",\"url\":\"https:\\\/\\\/thiant.fr\\\/wordpress\\\/wp-content\\\/uploads\\\/2019\\\/08\\\/Thiant_Illdy_4.png\",\"contentUrl\":\"https:\\\/\\\/thiant.fr\\\/wordpress\\\/wp-content\\\/uploads\\\/2019\\\/08\\\/Thiant_Illdy_4.png\",\"width\":105,\"height\":75,\"caption\":\"Ville de Thiant\"},\"image\":{\"@id\":\"https:\\\/\\\/thiant.fr\\\/wordpress\\\/#\\\/schema\\\/logo\\\/image\\\/\"}}]}<\/script>\n<!-- \/ Yoast SEO plugin. -->","yoast_head_json":{"title":"Commissions municipales - Ville de Thiant","robots":{"index":"index","follow":"follow","max-snippet":"max-snippet:-1","max-image-preview":"max-image-preview:large","max-video-preview":"max-video-preview:-1"},"canonical":"https:\/\/thiant.fr\/wordpress\/commissions-municipales\/","og_locale":"fr_FR","og_type":"article","og_title":"Commissions municipales - Ville de Thiant","og_description":"Les commissions municipales Les commissions municipales sont pr\u00e9sid\u00e9es par le maire, Jimmy LAURENT. Les adjoint\u00b7es et conseiller\u00b7\u00e8res d\u00e9l\u00e9gu\u00e9\u00b7es en sont membres de droit. Merci d&#8217;envoyer vos demandes \u00e0 l&#8217;adresse e-mail indiqu\u00e9e pour la commission voulue ou \u00e0 mairie@thiant.fr en pr\u00e9cisant le nom de la commission sollicit\u00e9e. Coh\u00e9sion sociale, solidarit\u00e9s interg\u00e9n\u00e9rationnelles, sant\u00e9 et handicap Vice-Pr\u00e9sidente : [&hellip;]","og_url":"https:\/\/thiant.fr\/wordpress\/commissions-municipales\/","og_site_name":"Ville de Thiant","article_modified_time":"2026-03-27T13:46:36+00:00","twitter_card":"summary_large_image","twitter_misc":{"Dur\u00e9e de lecture estim\u00e9e":"3 minutes"},"schema":{"@context":"https:\/\/schema.org","@graph":[{"@type":"WebPage","@id":"https:\/\/thiant.fr\/wordpress\/commissions-municipales\/","url":"https:\/\/thiant.fr\/wordpress\/commissions-municipales\/","name":"Commissions municipales - Ville de Thiant","isPartOf":{"@id":"https:\/\/thiant.fr\/wordpress\/#website"},"datePublished":"2020-09-03T11:30:10+00:00","dateModified":"2026-03-27T13:46:36+00:00","breadcrumb":{"@id":"https:\/\/thiant.fr\/wordpress\/commissions-municipales\/#breadcrumb"},"inLanguage":"fr-FR","potentialAction":[{"@type":"ReadAction","target":["https:\/\/thiant.fr\/wordpress\/commissions-municipales\/"]}]},{"@type":"BreadcrumbList","@id":"https:\/\/thiant.fr\/wordpress\/commissions-municipales\/#breadcrumb","itemListElement":[{"@type":"ListItem","position":1,"name":"Accueil","item":"https:\/\/thiant.fr\/wordpress\/"},{"@type":"ListItem","position":2,"name":"Commissions municipales"}]},{"@type":"WebSite","@id":"https:\/\/thiant.fr\/wordpress\/#website","url":"https:\/\/thiant.fr\/wordpress\/","name":"Ville de Thiant","description":"Site officiel de la ville de Thiant","publisher":{"@id":"https:\/\/thiant.fr\/wordpress\/#organization"},"potentialAction":[{"@type":"SearchAction","target":{"@type":"EntryPoint","urlTemplate":"https:\/\/thiant.fr\/wordpress\/?s={search_term_string}"},"query-input":{"@type":"PropertyValueSpecification","valueRequired":true,"valueName":"search_term_string"}}],"inLanguage":"fr-FR"},{"@type":"Organization","@id":"https:\/\/thiant.fr\/wordpress\/#organization","name":"Ville de Thiant","url":"https:\/\/thiant.fr\/wordpress\/","logo":{"@type":"ImageObject","inLanguage":"fr-FR","@id":"https:\/\/thiant.fr\/wordpress\/#\/schema\/logo\/image\/","url":"https:\/\/thiant.fr\/wordpress\/wp-content\/uploads\/2019\/08\/Thiant_Illdy_4.png","contentUrl":"https:\/\/thiant.fr\/wordpress\/wp-content\/uploads\/2019\/08\/Thiant_Illdy_4.png","width":105,"height":75,"caption":"Ville de Thiant"},"image":{"@id":"https:\/\/thiant.fr\/wordpress\/#\/schema\/logo\/image\/"}}]}},"_links":{"self":[{"href":"https:\/\/thiant.fr\/wordpress\/wp-json\/wp\/v2\/pages\/1536","targetHints":{"allow":["GET"]}}],"collection":[{"href":"https:\/\/thiant.fr\/wordpress\/wp-json\/wp\/v2\/pages"}],"about":[{"href":"https:\/\/thiant.fr\/wordpress\/wp-json\/wp\/v2\/types\/page"}],"author":[{"embeddable":true,"href":"https:\/\/thiant.fr\/wordpress\/wp-json\/wp\/v2\/users\/1"}],"replies":[{"embeddable":true,"href":"https:\/\/thiant.fr\/wordpress\/wp-json\/wp\/v2\/comments?post=1536"}],"version-history":[{"count":16,"href":"https:\/\/thiant.fr\/wordpress\/wp-json\/wp\/v2\/pages\/1536\/revisions"}],"predecessor-version":[{"id":7679,"href":"https:\/\/thiant.fr\/wordpress\/wp-json\/wp\/v2\/pages\/1536\/revisions\/7679"}],"wp:attachment":[{"href":"https:\/\/thiant.fr\/wordpress\/wp-json\/wp\/v2\/media?parent=1536"}],"curies":[{"name":"wp","href":"https:\/\/api.w.org\/{rel}","templated":true}]}}