{"id":3,"date":"2019-03-12T15:13:09","date_gmt":"2019-03-12T14:13:09","guid":{"rendered":"http:\/\/www.thiant.fr\/wordpress\/?page_id=3"},"modified":"2021-02-23T15:42:06","modified_gmt":"2021-02-23T14:42:06","slug":"politique-de-confidentialite","status":"publish","type":"page","link":"https:\/\/thiant.fr\/wordpress\/politique-de-confidentialite\/","title":{"rendered":"Mentions l\u00e9gales"},"content":{"rendered":"\t\t<div data-elementor-type=\"wp-page\" data-elementor-id=\"3\" class=\"elementor elementor-3\">\n\t\t\t\t\t\t<section class=\"elementor-section elementor-top-section elementor-element elementor-element-43f26686 elementor-section-boxed elementor-section-height-default elementor-section-height-default\" data-id=\"43f26686\" data-element_type=\"section\" data-e-type=\"section\">\n\t\t\t\t\t\t<div class=\"elementor-container elementor-column-gap-default\">\n\t\t\t\t\t<div class=\"elementor-column elementor-col-100 elementor-top-column elementor-element elementor-element-1964ecfa\" data-id=\"1964ecfa\" data-element_type=\"column\" data-e-type=\"column\">\n\t\t\t<div class=\"elementor-widget-wrap elementor-element-populated\">\n\t\t\t\t\t\t<div class=\"elementor-element elementor-element-1c39c589 elementor-widget elementor-widget-text-editor\" data-id=\"1c39c589\" data-element_type=\"widget\" data-e-type=\"widget\" data-widget_type=\"text-editor.default\">\n\t\t\t\t<div class=\"elementor-widget-container\">\n\t\t\t\t\t\t\t\t\t\n<h2 class=\"wp-block-heading\">Qui sommes-nous\u00a0?<\/h2>\n\n<p class=\"has-normal-font-size wp-block-paragraph\"><strong>Mairie<\/strong><br \/>1, rue Anatole France<br \/>59224 THIANT<br \/>T\u00e9l. 03 27 24 59 40<br \/>Fax. 03 27 24 55 89<br \/>E-mail : <a href=\"mailto:accueil@thiant.fr\">accueil@thiant.fr<\/a><br \/>Site Web : <a href=\"https:\/\/thiant.fr\/wordpress\/\">https:\/\/thiant.fr\/wordpress\/<\/a><br \/><br \/><strong>H\u00e9bergement : <\/strong>o2switch<br \/><strong>Nom de domaine : <\/strong>o2switch<br \/><strong>Serveur : <\/strong>Apache<br \/><strong>Base de donn\u00e9es : <\/strong>MySql<br \/><strong>Langages utilis\u00e9s : <\/strong>php, html, javascript, xml, css, ajax<br \/><strong>CMS (Syst\u00e8me de gestion de contenu) : <\/strong>WordPress<br \/><strong>Photographies et vid\u00e9os : <\/strong>Service Communication (sauf mention contraire)<br \/><br \/><\/p>\n\n<h3 class=\"wp-block-heading\">Cr\u00e9dits<\/h3>\n\n<p class=\"wp-block-paragraph\">Le site internet de la ville de Thiant est r\u00e9alis\u00e9 par le Service Communication.<\/p>\n\n<ul>\n<li>Directeur de la publication : Jean-Marie Lecerf, Maire de la ville de Thiant<\/li>\n<li>Adjointe \u00e0 l&#8217;information : St\u00e9phanie Wattiez<\/li>\n<li>D\u00e9veloppement et design : J\u00e9r\u00f4me Janura<\/li>\n<\/ul>\n<p>\u00a0<\/p>\n\n<p class=\"wp-block-paragraph\">L&#8217;ensemble des photographies, illustrations, animations, vid\u00e9os ou textes figurant sur ce site internet, ne peuvent \u00eatre utilis\u00e9s sans obtenir l&#8217;autorisation \u00e9crite de son propri\u00e9taire. La demande d&#8217;autorisation d&#8217;utilisation doit \u00eatre envoy\u00e9 \u00e0 la mairie de Thiant par voie postale ou \u00e9lectronique aux coordonn\u00e9es figurant en haut de ce document.<br \/><br \/><\/p>\n\n<h2 class=\"wp-block-heading\">Droits d&#8217;acc\u00e8s<\/h2>\n\n<h3 class=\"wp-block-heading\">Loi informatique et libert\u00e9<\/h3>\n\n<p class=\"wp-block-paragraph\">Conform\u00e9ment \u00e0 la loi du 6 janvier 1978 relative \u00e0 l&#8217;informatique, aux fichiers et aux libert\u00e9s, dite &#8220;Loi informatique et libert\u00e9&#8221;, l&#8217;informatique doit \u00eatre au service de chaque citoyen. Son d\u00e9veloppement doit s&#8217;op\u00e9rer dans le cadre de la coop\u00e9ration internationale. Elle ne doit porter atteinte ni \u00e0 l&#8217;identit\u00e9 humaine, ni aux droits de l&#8217;homme, ni \u00e0 la vie priv\u00e9e, ni aux libert\u00e9s individuelles ou publiques.<\/p>\n\n<p class=\"wp-block-paragraph\">Toute personne dispose du droit de d\u00e9cider et de contr\u00f4ler les usages qui sont faits des donn\u00e9es \u00e0 caract\u00e8re personnel la concernant, dans les conditions fix\u00e9es par cette loi.<\/p>\n\n<p class=\"wp-block-paragraph\">Toute personne physique justifiant de son identit\u00e9 peut exiger que soient, selon les cas, rectifi\u00e9es, compl\u00e9t\u00e9es, mises \u00e0 jour, verrouill\u00e9es ou effac\u00e9es les donn\u00e9es \u00e0 caract\u00e8re personnel la concernant, qui sont inexactes, incompl\u00e8tes, \u00e9quivoques, p\u00e9rim\u00e9es, ou dont la collecte, l&#8217;utilisation, la communication ou la conservation est interdite.<br \/><br \/><\/p>\n\n<h3 class=\"wp-block-heading\">Cookies<\/h3>\n\n<p class=\"wp-block-paragraph\">Lorsque vous vous connecterez, nous mettrons en place un certain nombre de cookies pour enregistrer vos informations de connexion et vos pr\u00e9f\u00e9rences d\u2019\u00e9cran. La dur\u00e9e de vie d\u2019un cookie de connexion est de deux jours, celle d\u2019un cookie d\u2019option d\u2019\u00e9cran est d\u2019un an. Si vous cochez \u00ab\u00a0Se souvenir de moi\u00a0\u00bb, votre cookie de connexion sera conserv\u00e9 pendant deux semaines. Si vous vous d\u00e9connectez de votre compte, le cookie de connexion sera effac\u00e9.<br \/><br \/><\/p>\n\n<h3 class=\"wp-block-heading\">Contenu embarqu\u00e9 depuis d\u2019autres sites<\/h3>\n\n<p class=\"wp-block-paragraph\">Les articles de ce site peuvent inclure des contenus int\u00e9gr\u00e9s (par exemple des vid\u00e9os, images, articles\u2026). Le contenu int\u00e9gr\u00e9 depuis d\u2019autres sites se comporte de la m\u00eame mani\u00e8re que si le visiteur se rendait sur cet autre site.<\/p>\n\n<p class=\"wp-block-paragraph\">Ces sites web pourraient collecter des donn\u00e9es sur vous, utiliser des cookies, embarquer des outils de suivis tiers, suivre vos interactions avec ces contenus embarqu\u00e9s si vous disposez d\u2019un compte connect\u00e9 sur leur site web.<br \/><br \/><\/p>\n\n<h3 class=\"wp-block-heading\">Statistiques et mesures d\u2019audience<\/h3>\n\n<p class=\"wp-block-paragraph\">Ce site utilise des &#8220;cookies&#8221; pour effectuer de la mesure d\u2019audience, ne n\u00e9cessitant pas de consentement pr\u00e9alable, en application des textes r\u00e9gissant la protection des donn\u00e9es personnelles. Vos donn\u00e9es personnelles ne sont pas collect\u00e9es et ces cookies ne repr\u00e9sentent aucun danger pour votre \u00e9quipement. En poursuivant votre navigation sur ce site, vous acceptez l&#8217;utilisation des cookies.<\/p>\n\n<p class=\"wp-block-paragraph\">Les cookies sont des fichiers textes utilis\u00e9s \u00e0 des fins statistiques ou pour le fonctionnement de certains modules d&#8217;identification par exemple. Ces fichiers ne sont pas dangereux pour votre p\u00e9riph\u00e9rique et ne sont pas utilis\u00e9s pour collecter des donn\u00e9es personnelles. Le pr\u00e9sent site n\u2019utilise que des cookies d&#8217;identification, d&#8217;authentification, d\u2019analyse de mesure d&#8217;audience ou de load-balancing ne n\u00e9cessitant pas de consentement pr\u00e9alable, en application des textes r\u00e9gissant la protection des donn\u00e9es personnelles. Vous pouvez cependant vous opposer \u00e0 la mise en place de ces cookies en d\u00e9sactivant cette option dans les param\u00e8tres de votre navigateur. Nous vous invitons \u00e0 consulter les instructions de votre navigateur \u00e0 cet effet et vous informons qu&#8217;en cas de blocage de ces cookies certaines fonctionnalit\u00e9s du site peuvent devenir indisponibles.<br \/><br \/><\/p>\n\n<h2 class=\"wp-block-heading\">Les droits que vous avez sur vos donn\u00e9es<\/h2>\n\n<p class=\"wp-block-paragraph\">Si vous avez un compte ou si vous avez laiss\u00e9 des commentaires sur le site, vous pouvez demander \u00e0 recevoir un fichier contenant toutes les donn\u00e9es personnelles que nous poss\u00e9dons \u00e0 votre sujet, incluant celles que vous nous avez fournies. Vous pouvez \u00e9galement demander la suppression des donn\u00e9es personnelles vous concernant. Cela ne prend pas en compte les donn\u00e9es stock\u00e9es \u00e0 des fins administratives, l\u00e9gales ou pour des raisons de s\u00e9curit\u00e9.<br \/><br \/><\/p>\n\n<h2 class=\"wp-block-heading\">Transmission de vos donn\u00e9es personnelles<\/h2>\n\n<p class=\"wp-block-paragraph\">Nous ne transmettons aucune donn\u00e9e personnelle.<br \/><br \/><\/p>\n\n<h2 class=\"wp-block-heading\">Informations de contact<\/h2>\n\n<p class=\"wp-block-paragraph\">Vous voulez signaler un contenu incorrect, une erreur, demander acc\u00e8s \u00e0 vos donn\u00e9es personnelles, soumettre un article&#8230; contactez le Service Communication au 03 27 24 59 40 ou par e-mail : <a href=\"mailto:communication@thiant.fr\">communication@thiant.fr<\/a><br \/><br \/><\/p>\n\t\t\t\t\t\t\t\t<\/div>\n\t\t\t\t<\/div>\n\t\t\t\t\t<\/div>\n\t\t<\/div>\n\t\t\t\t\t<\/div>\n\t\t<\/section>\n\t\t\t\t<\/div>\n\t\t","protected":false},"excerpt":{"rendered":"<p>Qui sommes-nous\u00a0? Mairie1, rue Anatole France59224 THIANTT\u00e9l. 03 27 24 59 40Fax. 03 27 24 55 89E-mail : accueil@thiant.frSite Web : https:\/\/thiant.fr\/wordpress\/ H\u00e9bergement : o2switchNom de domaine : o2switchServeur : ApacheBase de donn\u00e9es : MySqlLangages utilis\u00e9s : php, html, javascript, xml, css, ajaxCMS (Syst\u00e8me de gestion de contenu) : WordPressPhotographies et vid\u00e9os : Service Communication [&hellip;]<\/p>\n","protected":false},"author":1,"featured_media":0,"parent":0,"menu_order":0,"comment_status":"closed","ping_status":"open","template":"","meta":{"_crdt_document":"","ocean_post_layout":"","ocean_both_sidebars_style":"","ocean_both_sidebars_content_width":0,"ocean_both_sidebars_sidebars_width":0,"ocean_sidebar":"","ocean_second_sidebar":"","ocean_disable_margins":"enable","ocean_add_body_class":"","ocean_shortcode_before_top_bar":"","ocean_shortcode_after_top_bar":"","ocean_shortcode_before_header":"","ocean_shortcode_after_header":"","ocean_has_shortcode":"","ocean_shortcode_after_title":"","ocean_shortcode_before_footer_widgets":"","ocean_shortcode_after_footer_widgets":"","ocean_shortcode_before_footer_bottom":"","ocean_shortcode_after_footer_bottom":"","ocean_display_top_bar":"default","ocean_display_header":"default","ocean_header_style":"","ocean_center_header_left_menu":"","ocean_custom_header_template":"","ocean_custom_logo":0,"ocean_custom_retina_logo":0,"ocean_custom_logo_max_width":0,"ocean_custom_logo_tablet_max_width":0,"ocean_custom_logo_mobile_max_width":0,"ocean_custom_logo_max_height":0,"ocean_custom_logo_tablet_max_height":0,"ocean_custom_logo_mobile_max_height":0,"ocean_header_custom_menu":"","ocean_menu_typo_font_family":"","ocean_menu_typo_font_subset":"","ocean_menu_typo_font_size":0,"ocean_menu_typo_font_size_tablet":0,"ocean_menu_typo_font_size_mobile":0,"ocean_menu_typo_font_size_unit":"px","ocean_menu_typo_font_weight":"","ocean_menu_typo_font_weight_tablet":"","ocean_menu_typo_font_weight_mobile":"","ocean_menu_typo_transform":"","ocean_menu_typo_transform_tablet":"","ocean_menu_typo_transform_mobile":"","ocean_menu_typo_line_height":0,"ocean_menu_typo_line_height_tablet":0,"ocean_menu_typo_line_height_mobile":0,"ocean_menu_typo_line_height_unit":"","ocean_menu_typo_spacing":0,"ocean_menu_typo_spacing_tablet":0,"ocean_menu_typo_spacing_mobile":0,"ocean_menu_typo_spacing_unit":"","ocean_menu_link_color":"","ocean_menu_link_color_hover":"","ocean_menu_link_color_active":"","ocean_menu_link_background":"","ocean_menu_link_hover_background":"","ocean_menu_link_active_background":"","ocean_menu_social_links_bg":"","ocean_menu_social_hover_links_bg":"","ocean_menu_social_links_color":"","ocean_menu_social_hover_links_color":"","ocean_disable_title":"default","ocean_disable_heading":"default","ocean_post_title":"","ocean_post_subheading":"","ocean_post_title_style":"","ocean_post_title_background_color":"","ocean_post_title_background":0,"ocean_post_title_bg_image_position":"","ocean_post_title_bg_image_attachment":"","ocean_post_title_bg_image_repeat":"","ocean_post_title_bg_image_size":"","ocean_post_title_height":0,"ocean_post_title_bg_overlay":0.5,"ocean_post_title_bg_overlay_color":"","ocean_disable_breadcrumbs":"default","ocean_breadcrumbs_color":"","ocean_breadcrumbs_separator_color":"","ocean_breadcrumbs_links_color":"","ocean_breadcrumbs_links_hover_color":"","ocean_display_footer_widgets":"default","ocean_display_footer_bottom":"default","ocean_custom_footer_template":"","footnotes":""},"class_list":["post-3","page","type-page","status-publish","hentry","entry"],"yoast_head":"<!-- This site is optimized with the Yoast SEO plugin v27.3 - https:\/\/yoast.com\/product\/yoast-seo-wordpress\/ -->\n<title>Mentions l\u00e9gales - Ville de Thiant<\/title>\n<meta name=\"robots\" content=\"index, follow, max-snippet:-1, max-image-preview:large, max-video-preview:-1\" \/>\n<link rel=\"canonical\" href=\"https:\/\/thiant.fr\/wordpress\/politique-de-confidentialite\/\" \/>\n<meta property=\"og:locale\" content=\"fr_FR\" \/>\n<meta property=\"og:type\" content=\"article\" \/>\n<meta property=\"og:title\" content=\"Mentions l\u00e9gales - Ville de Thiant\" \/>\n<meta property=\"og:description\" content=\"Qui sommes-nous\u00a0? Mairie1, rue Anatole France59224 THIANTT\u00e9l. 03 27 24 59 40Fax. 03 27 24 55 89E-mail : accueil@thiant.frSite Web : https:\/\/thiant.fr\/wordpress\/ H\u00e9bergement : o2switchNom de domaine : o2switchServeur : ApacheBase de donn\u00e9es : MySqlLangages utilis\u00e9s : php, html, javascript, xml, css, ajaxCMS (Syst\u00e8me de gestion de contenu) : WordPressPhotographies et vid\u00e9os : Service Communication [&hellip;]\" \/>\n<meta property=\"og:url\" content=\"https:\/\/thiant.fr\/wordpress\/politique-de-confidentialite\/\" \/>\n<meta property=\"og:site_name\" content=\"Ville de Thiant\" \/>\n<meta property=\"article:modified_time\" content=\"2021-02-23T14:42:06+00:00\" \/>\n<meta name=\"twitter:card\" content=\"summary_large_image\" \/>\n<meta name=\"twitter:label1\" content=\"Dur\u00e9e de lecture estim\u00e9e\" \/>\n\t<meta name=\"twitter:data1\" content=\"4 minutes\" \/>\n<script type=\"application\/ld+json\" class=\"yoast-schema-graph\">{\"@context\":\"https:\\\/\\\/schema.org\",\"@graph\":[{\"@type\":\"WebPage\",\"@id\":\"https:\\\/\\\/thiant.fr\\\/wordpress\\\/politique-de-confidentialite\\\/\",\"url\":\"https:\\\/\\\/thiant.fr\\\/wordpress\\\/politique-de-confidentialite\\\/\",\"name\":\"Mentions l\u00e9gales - Ville de Thiant\",\"isPartOf\":{\"@id\":\"https:\\\/\\\/thiant.fr\\\/wordpress\\\/#website\"},\"datePublished\":\"2019-03-12T14:13:09+00:00\",\"dateModified\":\"2021-02-23T14:42:06+00:00\",\"breadcrumb\":{\"@id\":\"https:\\\/\\\/thiant.fr\\\/wordpress\\\/politique-de-confidentialite\\\/#breadcrumb\"},\"inLanguage\":\"fr-FR\",\"potentialAction\":[{\"@type\":\"ReadAction\",\"target\":[\"https:\\\/\\\/thiant.fr\\\/wordpress\\\/politique-de-confidentialite\\\/\"]}]},{\"@type\":\"BreadcrumbList\",\"@id\":\"https:\\\/\\\/thiant.fr\\\/wordpress\\\/politique-de-confidentialite\\\/#breadcrumb\",\"itemListElement\":[{\"@type\":\"ListItem\",\"position\":1,\"name\":\"Accueil\",\"item\":\"https:\\\/\\\/thiant.fr\\\/wordpress\\\/\"},{\"@type\":\"ListItem\",\"position\":2,\"name\":\"Mentions l\u00e9gales\"}]},{\"@type\":\"WebSite\",\"@id\":\"https:\\\/\\\/thiant.fr\\\/wordpress\\\/#website\",\"url\":\"https:\\\/\\\/thiant.fr\\\/wordpress\\\/\",\"name\":\"Ville de Thiant\",\"description\":\"Site officiel de la ville de Thiant\",\"publisher\":{\"@id\":\"https:\\\/\\\/thiant.fr\\\/wordpress\\\/#organization\"},\"potentialAction\":[{\"@type\":\"SearchAction\",\"target\":{\"@type\":\"EntryPoint\",\"urlTemplate\":\"https:\\\/\\\/thiant.fr\\\/wordpress\\\/?s={search_term_string}\"},\"query-input\":{\"@type\":\"PropertyValueSpecification\",\"valueRequired\":true,\"valueName\":\"search_term_string\"}}],\"inLanguage\":\"fr-FR\"},{\"@type\":\"Organization\",\"@id\":\"https:\\\/\\\/thiant.fr\\\/wordpress\\\/#organization\",\"name\":\"Ville de Thiant\",\"url\":\"https:\\\/\\\/thiant.fr\\\/wordpress\\\/\",\"logo\":{\"@type\":\"ImageObject\",\"inLanguage\":\"fr-FR\",\"@id\":\"https:\\\/\\\/thiant.fr\\\/wordpress\\\/#\\\/schema\\\/logo\\\/image\\\/\",\"url\":\"https:\\\/\\\/thiant.fr\\\/wordpress\\\/wp-content\\\/uploads\\\/2019\\\/08\\\/Thiant_Illdy_4.png\",\"contentUrl\":\"https:\\\/\\\/thiant.fr\\\/wordpress\\\/wp-content\\\/uploads\\\/2019\\\/08\\\/Thiant_Illdy_4.png\",\"width\":105,\"height\":75,\"caption\":\"Ville de Thiant\"},\"image\":{\"@id\":\"https:\\\/\\\/thiant.fr\\\/wordpress\\\/#\\\/schema\\\/logo\\\/image\\\/\"}}]}<\/script>\n<!-- \/ Yoast SEO plugin. -->","yoast_head_json":{"title":"Mentions l\u00e9gales - Ville de Thiant","robots":{"index":"index","follow":"follow","max-snippet":"max-snippet:-1","max-image-preview":"max-image-preview:large","max-video-preview":"max-video-preview:-1"},"canonical":"https:\/\/thiant.fr\/wordpress\/politique-de-confidentialite\/","og_locale":"fr_FR","og_type":"article","og_title":"Mentions l\u00e9gales - Ville de Thiant","og_description":"Qui sommes-nous\u00a0? Mairie1, rue Anatole France59224 THIANTT\u00e9l. 03 27 24 59 40Fax. 03 27 24 55 89E-mail : accueil@thiant.frSite Web : https:\/\/thiant.fr\/wordpress\/ H\u00e9bergement : o2switchNom de domaine : o2switchServeur : ApacheBase de donn\u00e9es : MySqlLangages utilis\u00e9s : php, html, javascript, xml, css, ajaxCMS (Syst\u00e8me de gestion de contenu) : WordPressPhotographies et vid\u00e9os : Service Communication [&hellip;]","og_url":"https:\/\/thiant.fr\/wordpress\/politique-de-confidentialite\/","og_site_name":"Ville de Thiant","article_modified_time":"2021-02-23T14:42:06+00:00","twitter_card":"summary_large_image","twitter_misc":{"Dur\u00e9e de lecture estim\u00e9e":"4 minutes"},"schema":{"@context":"https:\/\/schema.org","@graph":[{"@type":"WebPage","@id":"https:\/\/thiant.fr\/wordpress\/politique-de-confidentialite\/","url":"https:\/\/thiant.fr\/wordpress\/politique-de-confidentialite\/","name":"Mentions l\u00e9gales - Ville de Thiant","isPartOf":{"@id":"https:\/\/thiant.fr\/wordpress\/#website"},"datePublished":"2019-03-12T14:13:09+00:00","dateModified":"2021-02-23T14:42:06+00:00","breadcrumb":{"@id":"https:\/\/thiant.fr\/wordpress\/politique-de-confidentialite\/#breadcrumb"},"inLanguage":"fr-FR","potentialAction":[{"@type":"ReadAction","target":["https:\/\/thiant.fr\/wordpress\/politique-de-confidentialite\/"]}]},{"@type":"BreadcrumbList","@id":"https:\/\/thiant.fr\/wordpress\/politique-de-confidentialite\/#breadcrumb","itemListElement":[{"@type":"ListItem","position":1,"name":"Accueil","item":"https:\/\/thiant.fr\/wordpress\/"},{"@type":"ListItem","position":2,"name":"Mentions l\u00e9gales"}]},{"@type":"WebSite","@id":"https:\/\/thiant.fr\/wordpress\/#website","url":"https:\/\/thiant.fr\/wordpress\/","name":"Ville de Thiant","description":"Site officiel de la ville de Thiant","publisher":{"@id":"https:\/\/thiant.fr\/wordpress\/#organization"},"potentialAction":[{"@type":"SearchAction","target":{"@type":"EntryPoint","urlTemplate":"https:\/\/thiant.fr\/wordpress\/?s={search_term_string}"},"query-input":{"@type":"PropertyValueSpecification","valueRequired":true,"valueName":"search_term_string"}}],"inLanguage":"fr-FR"},{"@type":"Organization","@id":"https:\/\/thiant.fr\/wordpress\/#organization","name":"Ville de Thiant","url":"https:\/\/thiant.fr\/wordpress\/","logo":{"@type":"ImageObject","inLanguage":"fr-FR","@id":"https:\/\/thiant.fr\/wordpress\/#\/schema\/logo\/image\/","url":"https:\/\/thiant.fr\/wordpress\/wp-content\/uploads\/2019\/08\/Thiant_Illdy_4.png","contentUrl":"https:\/\/thiant.fr\/wordpress\/wp-content\/uploads\/2019\/08\/Thiant_Illdy_4.png","width":105,"height":75,"caption":"Ville de Thiant"},"image":{"@id":"https:\/\/thiant.fr\/wordpress\/#\/schema\/logo\/image\/"}}]}},"_links":{"self":[{"href":"https:\/\/thiant.fr\/wordpress\/wp-json\/wp\/v2\/pages\/3","targetHints":{"allow":["GET"]}}],"collection":[{"href":"https:\/\/thiant.fr\/wordpress\/wp-json\/wp\/v2\/pages"}],"about":[{"href":"https:\/\/thiant.fr\/wordpress\/wp-json\/wp\/v2\/types\/page"}],"author":[{"embeddable":true,"href":"https:\/\/thiant.fr\/wordpress\/wp-json\/wp\/v2\/users\/1"}],"replies":[{"embeddable":true,"href":"https:\/\/thiant.fr\/wordpress\/wp-json\/wp\/v2\/comments?post=3"}],"version-history":[{"count":0,"href":"https:\/\/thiant.fr\/wordpress\/wp-json\/wp\/v2\/pages\/3\/revisions"}],"wp:attachment":[{"href":"https:\/\/thiant.fr\/wordpress\/wp-json\/wp\/v2\/media?parent=3"}],"curies":[{"name":"wp","href":"https:\/\/api.w.org\/{rel}","templated":true}]}}