{"id":3160,"date":"2021-08-24T17:06:14","date_gmt":"2021-08-24T15:06:14","guid":{"rendered":"https:\/\/thiant.fr\/wordpress\/?page_id=3160"},"modified":"2021-12-03T16:33:09","modified_gmt":"2021-12-03T15:33:09","slug":"formation","status":"publish","type":"page","link":"https:\/\/thiant.fr\/wordpress\/formation\/","title":{"rendered":"Formation"},"content":{"rendered":"\t\t<div data-elementor-type=\"wp-page\" data-elementor-id=\"3160\" class=\"elementor elementor-3160\">\n\t\t\t\t\t\t<section class=\"elementor-section elementor-top-section elementor-element elementor-element-e786a78 elementor-section-boxed elementor-section-height-default elementor-section-height-default\" data-id=\"e786a78\" data-element_type=\"section\" data-e-type=\"section\">\n\t\t\t\t\t\t<div class=\"elementor-container elementor-column-gap-default\">\n\t\t\t\t\t<div class=\"elementor-column elementor-col-100 elementor-top-column elementor-element elementor-element-8d54ff2\" data-id=\"8d54ff2\" data-element_type=\"column\" data-e-type=\"column\">\n\t\t\t<div class=\"elementor-widget-wrap elementor-element-populated\">\n\t\t\t\t\t\t<div class=\"elementor-element elementor-element-beaaf6a elementor-widget elementor-widget-text-editor\" data-id=\"beaaf6a\" data-element_type=\"widget\" data-e-type=\"widget\" data-widget_type=\"text-editor.default\">\n\t\t\t\t<div class=\"elementor-widget-container\">\n\t\t\t\t\t\t\t\t\t<h1><span style=\"color: #000080;\">FORMATION<\/span><\/h1>\t\t\t\t\t\t\t\t<\/div>\n\t\t\t\t<\/div>\n\t\t\t\t\t<\/div>\n\t\t<\/div>\n\t\t\t\t\t<\/div>\n\t\t<\/section>\n\t\t\t\t<section class=\"elementor-section elementor-top-section elementor-element elementor-element-45cad36 elementor-section-boxed elementor-section-height-default elementor-section-height-default\" data-id=\"45cad36\" data-element_type=\"section\" data-e-type=\"section\">\n\t\t\t\t\t\t<div class=\"elementor-container elementor-column-gap-default\">\n\t\t\t\t\t<div class=\"elementor-column elementor-col-100 elementor-top-column elementor-element elementor-element-4786424\" data-id=\"4786424\" data-element_type=\"column\" data-e-type=\"column\">\n\t\t\t<div class=\"elementor-widget-wrap elementor-element-populated\">\n\t\t\t\t\t\t<div class=\"elementor-element elementor-element-bd282d4 elementor-widget elementor-widget-text-editor\" data-id=\"bd282d4\" data-element_type=\"widget\" data-e-type=\"widget\" data-widget_type=\"text-editor.default\">\n\t\t\t\t<div class=\"elementor-widget-container\">\n\t\t\t\t\t\t\t\t\t<p><span style=\"color: #333333;\">Vous trouverez dans cette liste des sites internet proposant des formations ou des sites internet de centre de formation class\u00e9s suivant qu&#8217;ils sont g\u00e9n\u00e9ralistes ou sp\u00e9cialistes. Vous trouverez \u00e9galement les offres de formation qui nous sont communiqu\u00e9es en mairie et dont nous sommes le relais.<\/span><\/p><p><span style=\"color: #333333;\">Bonne recherche !<\/span><\/p>\t\t\t\t\t\t\t\t<\/div>\n\t\t\t\t<\/div>\n\t\t\t\t\t<\/div>\n\t\t<\/div>\n\t\t\t\t\t<\/div>\n\t\t<\/section>\n\t\t\t\t<section class=\"elementor-section elementor-top-section elementor-element elementor-element-cf71789 elementor-section-boxed elementor-section-height-default elementor-section-height-default\" data-id=\"cf71789\" data-element_type=\"section\" data-e-type=\"section\">\n\t\t\t\t\t\t<div class=\"elementor-container elementor-column-gap-default\">\n\t\t\t\t\t<div class=\"elementor-column elementor-col-33 elementor-top-column elementor-element elementor-element-cf3a0c5\" data-id=\"cf3a0c5\" data-element_type=\"column\" data-e-type=\"column\">\n\t\t\t<div class=\"elementor-widget-wrap elementor-element-populated\">\n\t\t\t\t\t\t<div class=\"elementor-element elementor-element-53ba128 elementor-widget elementor-widget-text-editor\" data-id=\"53ba128\" data-element_type=\"widget\" data-e-type=\"widget\" data-widget_type=\"text-editor.default\">\n\t\t\t\t<div class=\"elementor-widget-container\">\n\t\t\t\t\t\t\t\t\t<h2 style=\"text-align: center;\"><span style=\"color: #000080;\">Sites g\u00e9n\u00e9ralistes<\/span><\/h2><ul><li><a href=\"https:\/\/labonneformation.pole-emploi.fr\/toutes-les-formations\/valenciennes-59\" target=\"_blank\" rel=\"noopener\">La Bonne Formation<\/a><\/li><li><a href=\"https:\/\/formations.uphf.fr\/cdm\/\" target=\"_blank\" rel=\"noopener\">Catalogue des formations de l&#8217;Universit\u00e9 de Valenciennes<\/a><\/li><li><a href=\"https:\/\/formation.cnam.fr\/rechercher-par-region\/valenciennes-917670.kjsp\" target=\"_blank\" rel=\"noopener\">CNAM de Valenciennes<\/a><\/li><li><a href=\"https:\/\/www.afpi-acmformation.com\/nos-centres\/centre-de-valenciennes\/\" target=\"_blank\" rel=\"noopener\">AFPI &#8211; ACM Formation<\/a><\/li><li><a href=\"https:\/\/www.l4m.fr\/formation\/ville\/valenciennes-23653\" target=\"_blank\" rel=\"noopener\">L4M<\/a><\/li><li><a href=\"https:\/\/www.afpa.fr\/centre\/centre-valenciennes-sentinelle\" target=\"_blank\" rel=\"noopener\">AFPA (La Sentinelle)<\/a><\/li><li><a href=\"https:\/\/www.orientation.com\/etablissements\/type-ecole-cfa\/ville-valenciennes\/\" target=\"_blank\" rel=\"noopener\">CFA (Centre de Formation Apprentis)<\/a><\/li><li><a href=\"https:\/\/greta-grandhainaut.fr\/\" target=\"_blank\" rel=\"noopener\">GRETA Grand Hainaut<\/a><\/li><li><a href=\"https:\/\/www.transitionspro-hdf.fr\/\" target=\"_blank\" rel=\"noopener\">Transitions Pro (ex FONGECIF)<\/a><\/li><li><a href=\"http:\/\/www.c2rp.fr\/\" target=\"_blank\" rel=\"noopener\">C2RP<\/a><\/li><li><a href=\"https:\/\/www.adiscos.com\/ville\/formation-valenciennes-002\" target=\"_blank\" rel=\"noopener\">ADISCO (formations sur mesure)<\/a><\/li><li><a href=\"http:\/\/www.e2cgrandhainaut.fr\/\" target=\"_blank\" rel=\"noopener\">L&#8217;\u00e9cole de la deuxi\u00e8me chance<\/a><\/li><li><a href=\"https:\/\/www.sjt-formation.com\/\" target=\"_blank\" rel=\"noopener\">SJT (solidarit\u00e9 et jalons pour le travail)<\/a><\/li><li><a href=\"https:\/\/www.missionlocale-jeunes-du-valenciennois.com\/\" target=\"_blank\" rel=\"noopener\">Mission locale jeunes du valenciennois<\/a><\/li><\/ul>\t\t\t\t\t\t\t\t<\/div>\n\t\t\t\t<\/div>\n\t\t\t\t\t<\/div>\n\t\t<\/div>\n\t\t\t\t<div class=\"elementor-column elementor-col-33 elementor-top-column elementor-element elementor-element-49a06f4\" data-id=\"49a06f4\" data-element_type=\"column\" data-e-type=\"column\">\n\t\t\t<div class=\"elementor-widget-wrap elementor-element-populated\">\n\t\t\t\t\t\t<div class=\"elementor-element elementor-element-486a45f elementor-widget elementor-widget-text-editor\" data-id=\"486a45f\" data-element_type=\"widget\" data-e-type=\"widget\" data-widget_type=\"text-editor.default\">\n\t\t\t\t<div class=\"elementor-widget-container\">\n\t\t\t\t\t\t\t\t\t<h2 style=\"text-align: center;\"><span style=\"color: #000080;\">Sites sp\u00e9cialis\u00e9s<\/span><\/h2><ul><li><a href=\"https:\/\/www.formation-valenciennes.fr\/\" target=\"_blank\" rel=\"noopener\">ASSIFEP (Transport, logistique, BTP)<\/a><\/li><li><a href=\"https:\/\/www.aftral.com\/aftral-pres-de-chez-vous\/hauts-de-france\" target=\"_blank\" rel=\"noopener\">AFTRAL (Transports et logistique)<\/a><\/li><li><a href=\"https:\/\/www.actifhautsdefrance.fr\/\" target=\"_blank\" rel=\"noopener\">ACTIF (Nouvelles Technologies)<\/a><\/li><li><a href=\"https:\/\/www.valarep.fr\/\" target=\"_blank\" rel=\"noopener\">VALAREP Lyc\u00e9e Dampierre (PAO, Web, informatique, b\u00e2timent, industrie, CAO DAO, restauration)<\/a><\/li><li><a href=\"http:\/\/lycee-hainaut.net\/\" target=\"_blank\" rel=\"noopener\">Lyc\u00e9e du Hainaut (technologique)<\/a><\/li><li><a href=\"https:\/\/www.fmd-formation.com\/\" target=\"_blank\" rel=\"noopener\">FMD Formation (BTP)<\/a><\/li><li><a href=\"https:\/\/www.culture-formation.fr\/\" target=\"_blank\" rel=\"noopener\">Culture et Formation (param\u00e9dical, social, petite enfance, esth\u00e9tique beaut\u00e9, sant\u00e9 animale)<\/a><\/li><li><a href=\"http:\/\/staj.nordartois.free.fr\/accueil.html\" target=\"_blank\" rel=\"noopener\">STAJ (animation, jeunesse)<\/a><\/li><li><a href=\"https:\/\/crefo.fr\" target=\"_blank\" rel=\"noopener\">CREFO (Hygi\u00e8ne, propret\u00e9, sanitaire, social,pr\u00e9vention, s\u00e9curit\u00e9)<\/a><\/li><li><a href=\"https:\/\/www.pro-formation.fr\/\" target=\"_blank\" rel=\"noopener\">Pro-Formation(CACES, propret\u00e9, hygi\u00e8ne, VRD, BTP, logistique, conseil et management, \u00e9lectricit\u00e9, s\u00e9curit\u00e9)<\/a><\/li><li><a href=\"https:\/\/www.force-langues.fr\/\" target=\"_blank\" rel=\"noopener\">Force Langue (langues \u00e9trang\u00e8res)<\/a><\/li><li><a href=\"https:\/\/www.yesnyou.com\/fr\/entreprise\/formations-langues\/centres-formations\/valenciennes\/\" target=\"_blank\" rel=\"noopener\">Yes&#8217;N&#8217;You (langues \u00e9trang\u00e8res)<\/a><\/li><li><a href=\"https:\/\/www.bge-hautsdefrance.fr\/\" target=\"_blank\" rel=\"noopener\">BGE Hauts-de-France (aide \u00e0 la cr\u00e9ation d&#8217;entreprise)<\/a><\/li><li><a href=\"https:\/\/www.technifrance.com\/index.php\/fr\/\" target=\"_blank\" rel=\"noopener\">Technifrance (transport, industrie,pr\u00e9vention, \u00e9nergie)<\/a><\/li><li><a href=\"https:\/\/www.esad-valenciennes.fr\/\" target=\"_blank\" rel=\"noopener\">ESAD (Ecole Sup\u00e9rieur d&#8217;Art et de Design)<\/a><\/li><li><a href=\"https:\/\/www.aksis.fr\/\" target=\"_blank\" rel=\"noopener\">AKSIS (\u00e9volution et transition professionnelle)<\/a><\/li><\/ul>\t\t\t\t\t\t\t\t<\/div>\n\t\t\t\t<\/div>\n\t\t\t\t\t<\/div>\n\t\t<\/div>\n\t\t\t\t<div class=\"elementor-column elementor-col-33 elementor-top-column elementor-element elementor-element-30327c8\" data-id=\"30327c8\" data-element_type=\"column\" data-e-type=\"column\">\n\t\t\t<div class=\"elementor-widget-wrap elementor-element-populated\">\n\t\t\t\t\t\t<div class=\"elementor-element elementor-element-540b6bc elementor-widget elementor-widget-text-editor\" data-id=\"540b6bc\" data-element_type=\"widget\" data-e-type=\"widget\" data-widget_type=\"text-editor.default\">\n\t\t\t\t<div class=\"elementor-widget-container\">\n\t\t\t\t\t\t\t\t\t<h2 style=\"text-align: center;\"><span style=\"color: #000080;\">Formations locales<br \/><\/span><\/h2><ul><li><a href=\"https:\/\/thiant.fr\/wordpress\/documents_ext\/Formations\/Mediateur-numerique-sept-2021.pdf\" target=\"_blank\" rel=\"noopener\">Formation m\u00e9diateur.trice num\u00e9rique (urgent)<\/a><\/li><li><a href=\"https:\/\/\/thiant.fr\/wordpress\/documents_ext\/Formations\/Offres-contrats-apprentissage-DECEMBRE-2021-VA.pdf\" target=\"_blank\" rel=\"noopener\" data-wplink-url-error=\"true\">Postes \u00e0 pourvoir en contrat d&#8217;apprentissage dans le valenciennois (jusqu&#8217;au 31.12.2021)<\/a><\/li><\/ul>\t\t\t\t\t\t\t\t<\/div>\n\t\t\t\t<\/div>\n\t\t\t\t\t<\/div>\n\t\t<\/div>\n\t\t\t\t\t<\/div>\n\t\t<\/section>\n\t\t\t\t<\/div>\n\t\t","protected":false},"excerpt":{"rendered":"<p>FORMATION Vous trouverez dans cette liste des sites internet proposant des formations ou des sites internet de centre de formation class\u00e9s suivant qu&#8217;ils sont g\u00e9n\u00e9ralistes ou sp\u00e9cialistes. Vous trouverez \u00e9galement les offres de formation qui nous sont communiqu\u00e9es en mairie et dont nous sommes le relais. Bonne recherche ! Sites g\u00e9n\u00e9ralistes La Bonne Formation Catalogue [&hellip;]<\/p>\n","protected":false},"author":1,"featured_media":0,"parent":0,"menu_order":0,"comment_status":"closed","ping_status":"closed","template":"","meta":{"_crdt_document":"","ocean_post_layout":"","ocean_both_sidebars_style":"","ocean_both_sidebars_content_width":0,"ocean_both_sidebars_sidebars_width":0,"ocean_sidebar":"0","ocean_second_sidebar":"0","ocean_disable_margins":"enable","ocean_add_body_class":"","ocean_shortcode_before_top_bar":"","ocean_shortcode_after_top_bar":"","ocean_shortcode_before_header":"","ocean_shortcode_after_header":"","ocean_has_shortcode":"","ocean_shortcode_after_title":"","ocean_shortcode_before_footer_widgets":"","ocean_shortcode_after_footer_widgets":"","ocean_shortcode_before_footer_bottom":"","ocean_shortcode_after_footer_bottom":"","ocean_display_top_bar":"default","ocean_display_header":"default","ocean_header_style":"","ocean_center_header_left_menu":"0","ocean_custom_header_template":"0","ocean_custom_logo":0,"ocean_custom_retina_logo":0,"ocean_custom_logo_max_width":0,"ocean_custom_logo_tablet_max_width":0,"ocean_custom_logo_mobile_max_width":0,"ocean_custom_logo_max_height":0,"ocean_custom_logo_tablet_max_height":0,"ocean_custom_logo_mobile_max_height":0,"ocean_header_custom_menu":"0","ocean_menu_typo_font_family":"0","ocean_menu_typo_font_subset":"","ocean_menu_typo_font_size":0,"ocean_menu_typo_font_size_tablet":0,"ocean_menu_typo_font_size_mobile":0,"ocean_menu_typo_font_size_unit":"px","ocean_menu_typo_font_weight":"","ocean_menu_typo_font_weight_tablet":"","ocean_menu_typo_font_weight_mobile":"","ocean_menu_typo_transform":"","ocean_menu_typo_transform_tablet":"","ocean_menu_typo_transform_mobile":"","ocean_menu_typo_line_height":0,"ocean_menu_typo_line_height_tablet":0,"ocean_menu_typo_line_height_mobile":0,"ocean_menu_typo_line_height_unit":"","ocean_menu_typo_spacing":0,"ocean_menu_typo_spacing_tablet":0,"ocean_menu_typo_spacing_mobile":0,"ocean_menu_typo_spacing_unit":"","ocean_menu_link_color":"","ocean_menu_link_color_hover":"","ocean_menu_link_color_active":"","ocean_menu_link_background":"","ocean_menu_link_hover_background":"","ocean_menu_link_active_background":"","ocean_menu_social_links_bg":"","ocean_menu_social_hover_links_bg":"","ocean_menu_social_links_color":"","ocean_menu_social_hover_links_color":"","ocean_disable_title":"default","ocean_disable_heading":"default","ocean_post_title":"","ocean_post_subheading":"","ocean_post_title_style":"","ocean_post_title_background_color":"","ocean_post_title_background":0,"ocean_post_title_bg_image_position":"","ocean_post_title_bg_image_attachment":"","ocean_post_title_bg_image_repeat":"","ocean_post_title_bg_image_size":"","ocean_post_title_height":0,"ocean_post_title_bg_overlay":0.5,"ocean_post_title_bg_overlay_color":"","ocean_disable_breadcrumbs":"default","ocean_breadcrumbs_color":"","ocean_breadcrumbs_separator_color":"","ocean_breadcrumbs_links_color":"","ocean_breadcrumbs_links_hover_color":"","ocean_display_footer_widgets":"default","ocean_display_footer_bottom":"default","ocean_custom_footer_template":"0","footnotes":""},"class_list":["post-3160","page","type-page","status-publish","hentry","entry"],"yoast_head":"<!-- This site is optimized with the Yoast SEO plugin v27.3 - https:\/\/yoast.com\/product\/yoast-seo-wordpress\/ -->\n<title>Formation - Ville de Thiant<\/title>\n<meta name=\"robots\" content=\"index, follow, max-snippet:-1, max-image-preview:large, max-video-preview:-1\" \/>\n<link rel=\"canonical\" href=\"https:\/\/thiant.fr\/wordpress\/formation\/\" \/>\n<meta property=\"og:locale\" content=\"fr_FR\" \/>\n<meta property=\"og:type\" content=\"article\" \/>\n<meta property=\"og:title\" content=\"Formation - Ville de Thiant\" \/>\n<meta property=\"og:description\" content=\"FORMATION Vous trouverez dans cette liste des sites internet proposant des formations ou des sites internet de centre de formation class\u00e9s suivant qu&#8217;ils sont g\u00e9n\u00e9ralistes ou sp\u00e9cialistes. Vous trouverez \u00e9galement les offres de formation qui nous sont communiqu\u00e9es en mairie et dont nous sommes le relais. Bonne recherche ! Sites g\u00e9n\u00e9ralistes La Bonne Formation Catalogue [&hellip;]\" \/>\n<meta property=\"og:url\" content=\"https:\/\/thiant.fr\/wordpress\/formation\/\" \/>\n<meta property=\"og:site_name\" content=\"Ville de Thiant\" \/>\n<meta property=\"article:modified_time\" content=\"2021-12-03T15:33:09+00:00\" \/>\n<meta name=\"twitter:card\" content=\"summary_large_image\" \/>\n<meta name=\"twitter:label1\" content=\"Dur\u00e9e de lecture estim\u00e9e\" \/>\n\t<meta name=\"twitter:data1\" content=\"1 minute\" \/>\n<script type=\"application\/ld+json\" class=\"yoast-schema-graph\">{\"@context\":\"https:\\\/\\\/schema.org\",\"@graph\":[{\"@type\":\"WebPage\",\"@id\":\"https:\\\/\\\/thiant.fr\\\/wordpress\\\/formation\\\/\",\"url\":\"https:\\\/\\\/thiant.fr\\\/wordpress\\\/formation\\\/\",\"name\":\"Formation - Ville de Thiant\",\"isPartOf\":{\"@id\":\"https:\\\/\\\/thiant.fr\\\/wordpress\\\/#website\"},\"datePublished\":\"2021-08-24T15:06:14+00:00\",\"dateModified\":\"2021-12-03T15:33:09+00:00\",\"breadcrumb\":{\"@id\":\"https:\\\/\\\/thiant.fr\\\/wordpress\\\/formation\\\/#breadcrumb\"},\"inLanguage\":\"fr-FR\",\"potentialAction\":[{\"@type\":\"ReadAction\",\"target\":[\"https:\\\/\\\/thiant.fr\\\/wordpress\\\/formation\\\/\"]}]},{\"@type\":\"BreadcrumbList\",\"@id\":\"https:\\\/\\\/thiant.fr\\\/wordpress\\\/formation\\\/#breadcrumb\",\"itemListElement\":[{\"@type\":\"ListItem\",\"position\":1,\"name\":\"Accueil\",\"item\":\"https:\\\/\\\/thiant.fr\\\/wordpress\\\/\"},{\"@type\":\"ListItem\",\"position\":2,\"name\":\"Formation\"}]},{\"@type\":\"WebSite\",\"@id\":\"https:\\\/\\\/thiant.fr\\\/wordpress\\\/#website\",\"url\":\"https:\\\/\\\/thiant.fr\\\/wordpress\\\/\",\"name\":\"Ville de Thiant\",\"description\":\"Site officiel de la ville de Thiant\",\"publisher\":{\"@id\":\"https:\\\/\\\/thiant.fr\\\/wordpress\\\/#organization\"},\"potentialAction\":[{\"@type\":\"SearchAction\",\"target\":{\"@type\":\"EntryPoint\",\"urlTemplate\":\"https:\\\/\\\/thiant.fr\\\/wordpress\\\/?s={search_term_string}\"},\"query-input\":{\"@type\":\"PropertyValueSpecification\",\"valueRequired\":true,\"valueName\":\"search_term_string\"}}],\"inLanguage\":\"fr-FR\"},{\"@type\":\"Organization\",\"@id\":\"https:\\\/\\\/thiant.fr\\\/wordpress\\\/#organization\",\"name\":\"Ville de Thiant\",\"url\":\"https:\\\/\\\/thiant.fr\\\/wordpress\\\/\",\"logo\":{\"@type\":\"ImageObject\",\"inLanguage\":\"fr-FR\",\"@id\":\"https:\\\/\\\/thiant.fr\\\/wordpress\\\/#\\\/schema\\\/logo\\\/image\\\/\",\"url\":\"https:\\\/\\\/thiant.fr\\\/wordpress\\\/wp-content\\\/uploads\\\/2019\\\/08\\\/Thiant_Illdy_4.png\",\"contentUrl\":\"https:\\\/\\\/thiant.fr\\\/wordpress\\\/wp-content\\\/uploads\\\/2019\\\/08\\\/Thiant_Illdy_4.png\",\"width\":105,\"height\":75,\"caption\":\"Ville de Thiant\"},\"image\":{\"@id\":\"https:\\\/\\\/thiant.fr\\\/wordpress\\\/#\\\/schema\\\/logo\\\/image\\\/\"}}]}<\/script>\n<!-- \/ Yoast SEO plugin. -->","yoast_head_json":{"title":"Formation - Ville de Thiant","robots":{"index":"index","follow":"follow","max-snippet":"max-snippet:-1","max-image-preview":"max-image-preview:large","max-video-preview":"max-video-preview:-1"},"canonical":"https:\/\/thiant.fr\/wordpress\/formation\/","og_locale":"fr_FR","og_type":"article","og_title":"Formation - Ville de Thiant","og_description":"FORMATION Vous trouverez dans cette liste des sites internet proposant des formations ou des sites internet de centre de formation class\u00e9s suivant qu&#8217;ils sont g\u00e9n\u00e9ralistes ou sp\u00e9cialistes. Vous trouverez \u00e9galement les offres de formation qui nous sont communiqu\u00e9es en mairie et dont nous sommes le relais. Bonne recherche ! Sites g\u00e9n\u00e9ralistes La Bonne Formation Catalogue [&hellip;]","og_url":"https:\/\/thiant.fr\/wordpress\/formation\/","og_site_name":"Ville de Thiant","article_modified_time":"2021-12-03T15:33:09+00:00","twitter_card":"summary_large_image","twitter_misc":{"Dur\u00e9e de lecture estim\u00e9e":"1 minute"},"schema":{"@context":"https:\/\/schema.org","@graph":[{"@type":"WebPage","@id":"https:\/\/thiant.fr\/wordpress\/formation\/","url":"https:\/\/thiant.fr\/wordpress\/formation\/","name":"Formation - Ville de Thiant","isPartOf":{"@id":"https:\/\/thiant.fr\/wordpress\/#website"},"datePublished":"2021-08-24T15:06:14+00:00","dateModified":"2021-12-03T15:33:09+00:00","breadcrumb":{"@id":"https:\/\/thiant.fr\/wordpress\/formation\/#breadcrumb"},"inLanguage":"fr-FR","potentialAction":[{"@type":"ReadAction","target":["https:\/\/thiant.fr\/wordpress\/formation\/"]}]},{"@type":"BreadcrumbList","@id":"https:\/\/thiant.fr\/wordpress\/formation\/#breadcrumb","itemListElement":[{"@type":"ListItem","position":1,"name":"Accueil","item":"https:\/\/thiant.fr\/wordpress\/"},{"@type":"ListItem","position":2,"name":"Formation"}]},{"@type":"WebSite","@id":"https:\/\/thiant.fr\/wordpress\/#website","url":"https:\/\/thiant.fr\/wordpress\/","name":"Ville de Thiant","description":"Site officiel de la ville de Thiant","publisher":{"@id":"https:\/\/thiant.fr\/wordpress\/#organization"},"potentialAction":[{"@type":"SearchAction","target":{"@type":"EntryPoint","urlTemplate":"https:\/\/thiant.fr\/wordpress\/?s={search_term_string}"},"query-input":{"@type":"PropertyValueSpecification","valueRequired":true,"valueName":"search_term_string"}}],"inLanguage":"fr-FR"},{"@type":"Organization","@id":"https:\/\/thiant.fr\/wordpress\/#organization","name":"Ville de Thiant","url":"https:\/\/thiant.fr\/wordpress\/","logo":{"@type":"ImageObject","inLanguage":"fr-FR","@id":"https:\/\/thiant.fr\/wordpress\/#\/schema\/logo\/image\/","url":"https:\/\/thiant.fr\/wordpress\/wp-content\/uploads\/2019\/08\/Thiant_Illdy_4.png","contentUrl":"https:\/\/thiant.fr\/wordpress\/wp-content\/uploads\/2019\/08\/Thiant_Illdy_4.png","width":105,"height":75,"caption":"Ville de Thiant"},"image":{"@id":"https:\/\/thiant.fr\/wordpress\/#\/schema\/logo\/image\/"}}]}},"_links":{"self":[{"href":"https:\/\/thiant.fr\/wordpress\/wp-json\/wp\/v2\/pages\/3160","targetHints":{"allow":["GET"]}}],"collection":[{"href":"https:\/\/thiant.fr\/wordpress\/wp-json\/wp\/v2\/pages"}],"about":[{"href":"https:\/\/thiant.fr\/wordpress\/wp-json\/wp\/v2\/types\/page"}],"author":[{"embeddable":true,"href":"https:\/\/thiant.fr\/wordpress\/wp-json\/wp\/v2\/users\/1"}],"replies":[{"embeddable":true,"href":"https:\/\/thiant.fr\/wordpress\/wp-json\/wp\/v2\/comments?post=3160"}],"version-history":[{"count":0,"href":"https:\/\/thiant.fr\/wordpress\/wp-json\/wp\/v2\/pages\/3160\/revisions"}],"wp:attachment":[{"href":"https:\/\/thiant.fr\/wordpress\/wp-json\/wp\/v2\/media?parent=3160"}],"curies":[{"name":"wp","href":"https:\/\/api.w.org\/{rel}","templated":true}]}}